{"id":3070,"date":"2016-06-07T00:27:23","date_gmt":"2016-06-07T00:27:23","guid":{"rendered":"https:\/\/tothepointe.gr\/notre-espace\/"},"modified":"2025-05-25T20:32:16","modified_gmt":"2025-05-25T20:32:16","slug":"notre-espace","status":"publish","type":"page","link":"https:\/\/tothepointe.gr\/fr\/notre-espace\/","title":{"rendered":"Notre espace"},"content":{"rendered":"<div class=\"wpb-content-wrapper\">[vc_row content_placement=\u00a0\u00bbmiddle\u00a0\u00bb curly_padding=\u00a0\u00bbcontent-padding-lg\u00a0\u00bb css=\u00a0\u00bb.vc_custom_1474889331427{border-bottom-width: 1px !important;border-bottom-color: #f4f4f4 !important;border-bottom-style: solid !important;}\u00a0\u00bb][vc_column width=\u00a0\u00bb1\/2&Prime; offset=\u00a0\u00bbvc_col-sm-offset-1&Prime;][vc_single_image image=\u00a0\u00bb3085&Prime; img_size=\u00a0\u00bblarge\u00a0\u00bb style=\u00a0\u00bbimg-frame-large\u00a0\u00bb css=\u00a0\u00bb\u00a0\u00bb][vc_single_image image=\u00a0\u00bb3080&Prime; img_size=\u00a0\u00bblarge\u00a0\u00bb style=\u00a0\u00bbimg-frame-large\u00a0\u00bb css=\u00a0\u00bb\u00a0\u00bb curly_layer_parallax=\u00a0\u00bbtrue\u00a0\u00bb curly_layer_1_vertical=\u00a0\u00bbtop: 20%\u00a0\u00bb curly_layer_1_horizontal=\u00a0\u00bbleft: -15%\u00a0\u00bb curly_layer_1_ratio=\u00a0\u00bb1&Prime; curly_max_width=\u00a0\u00bb18rem\u00a0\u00bb][\/vc_column][vc_column width=\u00a0\u00bb1\/3&Prime; offset=\u00a0\u00bbvc_col-sm-offset-1&Prime;][vc_column_text css=\u00a0\u00bb\u00a0\u00bb]L \u00ab \u00e9cole a \u00e9t\u00e9 cr\u00e9\u00e9e en 2024 et est reconnue par l \u00bb \u00c9tat. Cela signifie qu\u2019il fonctionne selon des dispositions sp\u00e9cifiques, qu\u2019il dispose des sp\u00e9cifications n\u00e9cessaires, en ce qui concerne le sol et les mesures de s\u00e9curit\u00e9 pour les enfants, et que ses partenaires sont des professeurs de danse dipl\u00f4m\u00e9s, reconnus par la r\u00e9gion. Avec beaucoup d\u2019amour et de passion, nous avons cr\u00e9\u00e9 un espace chaleureux et convivial, afin que nous puissions offrir une \u00e9cole mod\u00e8le dans notre r\u00e9gion. Nos installations ont une superficie de 270 m\u00b2 et se composent de 2 salles de classe, des vestiaires pour enfants et adultes, 5 wc et 1 douche. Dans notre salon, nous avons un espace sp\u00e9cialement con\u00e7u pour les tr\u00e8s jeunes enfants. Le lieu est enti\u00e8rement accessible aux personnes handicap\u00e9es. L\u2019une de nos salles est con\u00e7ue de mani\u00e8re appropri\u00e9e pour les cours de danse classique et contemporaine avec des barres plac\u00e9es en permanence sur les murs, dispose d\u2019un plancher en bois anti-vibration et d\u2019un piano.  <span data-olk-copy-source=\"MessageBody\">La deuxi\u00e8me salle de l \u00ab \u00e9cole dispose de l \u00bb \u00e9quipement n\u00e9cessaire \u00e0 l\u2019autonomisation de nos danseurs.<\/span>[\/vc_column_text][\/vc_column][\/vc_row][vc_row full_width=\u00a0\u00bbstretch_row_content_no_spaces\u00a0\u00bb curly_padding=\u00a0\u00bbcontent-padding-none\u00a0\u00bb css=\u00a0\u00bb.vc_custom_1471445746929{background-color: #656565 !important;}\u00a0\u00bb curly_parallax_parent=\u00a0\u00bbtrue\u00a0\u00bb el_class=\u00a0\u00bbparallax-visible\u00a0\u00bb curly_section_title=\u00a0\u00bbGallery\u00a0\u00bb curly_section_color=\u00a0\u00bbrgba(255,255,255,0.44)\u00a0\u00bb][vc_column css=\u00a0\u00bb.vc_custom_1470068083577{margin-top: -5.1875rem !important;}\u00a0\u00bb curly_parallax_parent=\u00a0\u00bbtrue\u00a0\u00bb]<div class='xtd-carousel-filmstrip__container xtd-carousel-filmstrip--offset-  filtered-image  '><div class='xtd-carousel-filmstrip' data-speed='150000'>[vc_single_image image=\u00a0\u00bb2478&Prime; img_size=\u00a0\u00bblarge\u00a0\u00bb onclick=\u00a0\u00bblink_image\u00a0\u00bb css=\u00a0\u00bb\u00a0\u00bb el_class=\u00a0\u00bbtest\u00a0\u00bb][vc_single_image image=\u00a0\u00bb2476&Prime; img_size=\u00a0\u00bblarge\u00a0\u00bb onclick=\u00a0\u00bblink_image\u00a0\u00bb css=\u00a0\u00bb\u00a0\u00bb][vc_single_image image=\u00a0\u00bb2474&Prime; img_size=\u00a0\u00bblarge\u00a0\u00bb onclick=\u00a0\u00bblink_image\u00a0\u00bb css=\u00a0\u00bb\u00a0\u00bb][vc_single_image image=\u00a0\u00bb2467&Prime; img_size=\u00a0\u00bblarge\u00a0\u00bb css=\u00a0\u00bb\u00a0\u00bb][vc_single_image image=\u00a0\u00bb2469&Prime; img_size=\u00a0\u00bblarge\u00a0\u00bb css=\u00a0\u00bb\u00a0\u00bb][vc_single_image image=\u00a0\u00bb2475&Prime; img_size=\u00a0\u00bblarge\u00a0\u00bb onclick=\u00a0\u00bblink_image\u00a0\u00bb css=\u00a0\u00bb\u00a0\u00bb][vc_single_image image=\u00a0\u00bb2464&Prime; img_size=\u00a0\u00bblarge\u00a0\u00bb css=\u00a0\u00bb\u00a0\u00bb][vc_single_image image=\u00a0\u00bb2477&Prime; img_size=\u00a0\u00bblarge\u00a0\u00bb onclick=\u00a0\u00bblink_image\u00a0\u00bb css=\u00a0\u00bb\u00a0\u00bb]<\/div><\/div>[vc_empty_space height=\u00a0\u00bb8rem\u00a0\u00bb][\/vc_column][\/vc_row]\n<\/div>","protected":false},"excerpt":{"rendered":"<p>[vc_row content_placement=\u00a0\u00bbmiddle\u00a0\u00bb curly_padding=\u00a0\u00bbcontent-padding-lg\u00a0\u00bb css=\u00a0\u00bb.vc_custom_1474889331427{border-bottom-width: 1px !important;border-bottom-color: #f4f4f4 !important;border-bottom-style: solid !important;}\u00a0\u00bb][vc_column width=\u00a0\u00bb1\/2&Prime; offset=\u00a0\u00bbvc_col-sm-offset-1&Prime;][vc_single_image image=\u00a0\u00bb3085&Prime; img_size=\u00a0\u00bblarge\u00a0\u00bb style=\u00a0\u00bbimg-frame-large\u00a0\u00bb css=\u00a0\u00bb\u00a0\u00bb][vc_single_image image=\u00a0\u00bb3080&Prime; img_size=\u00a0\u00bblarge\u00a0\u00bb style=\u00a0\u00bbimg-frame-large\u00a0\u00bb css=\u00a0\u00bb\u00a0\u00bb curly_layer_parallax=\u00a0\u00bbtrue\u00a0\u00bb curly_layer_1_vertical=\u00a0\u00bbtop: 20%\u00a0\u00bb curly_layer_1_horizontal=\u00a0\u00bbleft: -15%\u00a0\u00bb curly_layer_1_ratio=\u00a0\u00bb1&Prime; curly_max_width=\u00a0\u00bb18rem\u00a0\u00bb][\/vc_column][vc_column width=\u00a0\u00bb1\/3&Prime; offset=\u00a0\u00bbvc_col-sm-offset-1&Prime;][vc_column_text css=\u00a0\u00bb\u00a0\u00bb]L \u00ab \u00e9cole a \u00e9t\u00e9 cr\u00e9\u00e9e en 2024 et est reconnue par l \u00bb \u00c9tat. Cela signifie qu\u2019il fonctionne selon des dispositions sp\u00e9cifiques, qu\u2019il dispose des sp\u00e9cifications n\u00e9cessaires, en ce qui [&hellip;]<\/p>\n","protected":false},"author":1,"featured_media":0,"parent":0,"menu_order":0,"comment_status":"closed","ping_status":"closed","template":"","meta":{"footnotes":""},"class_list":["post-3070","page","type-page","status-publish","hentry"],"yoast_head":"<!-- This site is optimized with the Yoast SEO plugin v27.4 - https:\/\/yoast.com\/product\/yoast-seo-wordpress\/ -->\n<title>Notre espace - tothepointe.gr<\/title>\n<meta name=\"robots\" content=\"index, follow, max-snippet:-1, max-image-preview:large, max-video-preview:-1\" \/>\n<link rel=\"canonical\" href=\"https:\/\/tothepointe.gr\/fr\/notre-espace\/\" \/>\n<meta property=\"og:locale\" content=\"fr_FR\" \/>\n<meta property=\"og:type\" content=\"article\" \/>\n<meta property=\"og:title\" content=\"Notre espace - tothepointe.gr\" \/>\n<meta property=\"og:description\" content=\"[vc_row content_placement=\u00a0\u00bbmiddle\u00a0\u00bb curly_padding=\u00a0\u00bbcontent-padding-lg\u00a0\u00bb css=\u00a0\u00bb.vc_custom_1474889331427{border-bottom-width: 1px !important;border-bottom-color: #f4f4f4 !important;border-bottom-style: solid !important;}\u00a0\u00bb][vc_column width=\u00a0\u00bb1\/2&Prime; offset=\u00a0\u00bbvc_col-sm-offset-1&Prime;][vc_single_image image=\u00a0\u00bb3085&Prime; img_size=\u00a0\u00bblarge\u00a0\u00bb style=\u00a0\u00bbimg-frame-large\u00a0\u00bb css=\u00a0\u00bb\u00a0\u00bb][vc_single_image image=\u00a0\u00bb3080&Prime; img_size=\u00a0\u00bblarge\u00a0\u00bb style=\u00a0\u00bbimg-frame-large\u00a0\u00bb css=\u00a0\u00bb\u00a0\u00bb curly_layer_parallax=\u00a0\u00bbtrue\u00a0\u00bb curly_layer_1_vertical=\u00a0\u00bbtop: 20%\u00a0\u00bb curly_layer_1_horizontal=\u00a0\u00bbleft: -15%\u00a0\u00bb curly_layer_1_ratio=\u00a0\u00bb1&Prime; curly_max_width=\u00a0\u00bb18rem\u00a0\u00bb][\/vc_column][vc_column width=\u00a0\u00bb1\/3&Prime; offset=\u00a0\u00bbvc_col-sm-offset-1&Prime;][vc_column_text css=\u00a0\u00bb\u00a0\u00bb]L \u00ab \u00e9cole a \u00e9t\u00e9 cr\u00e9\u00e9e en 2024 et est reconnue par l \u00bb \u00c9tat. Cela signifie qu\u2019il fonctionne selon des dispositions sp\u00e9cifiques, qu\u2019il dispose des sp\u00e9cifications n\u00e9cessaires, en ce qui [&hellip;]\" \/>\n<meta property=\"og:url\" content=\"https:\/\/tothepointe.gr\/fr\/notre-espace\/\" \/>\n<meta property=\"og:site_name\" content=\"tothepointe.gr\" \/>\n<meta property=\"article:publisher\" content=\"https:\/\/www.facebook.com\/people\/To-The-Pointe\/61560969661010\/\" \/>\n<meta property=\"article:modified_time\" content=\"2025-05-25T20:32:16+00:00\" \/>\n<meta property=\"og:image\" content=\"https:\/\/tothepointe.gr\/wp-content\/uploads\/2024\/08\/ballerina-tutu-dress-with-copy-space.jpg\" \/>\n\t<meta property=\"og:image:width\" content=\"660\" \/>\n\t<meta property=\"og:image:height\" content=\"371\" \/>\n\t<meta property=\"og:image:type\" content=\"image\/jpeg\" \/>\n<meta name=\"twitter:card\" content=\"summary_large_image\" \/>\n<meta name=\"twitter:label1\" content=\"Dur\u00e9e de lecture estim\u00e9e\" \/>\n\t<meta name=\"twitter:data1\" content=\"2 minutes\" \/>\n<script type=\"application\/ld+json\" class=\"yoast-schema-graph\">{\"@context\":\"https:\\\/\\\/schema.org\",\"@graph\":[{\"@type\":\"WebPage\",\"@id\":\"https:\\\/\\\/tothepointe.gr\\\/fr\\\/notre-espace\\\/\",\"url\":\"https:\\\/\\\/tothepointe.gr\\\/fr\\\/notre-espace\\\/\",\"name\":\"Notre espace - tothepointe.gr\",\"isPartOf\":{\"@id\":\"https:\\\/\\\/tothepointe.gr\\\/fr\\\/#website\"},\"datePublished\":\"2016-06-07T00:27:23+00:00\",\"dateModified\":\"2025-05-25T20:32:16+00:00\",\"breadcrumb\":{\"@id\":\"https:\\\/\\\/tothepointe.gr\\\/fr\\\/notre-espace\\\/#breadcrumb\"},\"inLanguage\":\"fr-FR\",\"potentialAction\":[{\"@type\":\"ReadAction\",\"target\":[\"https:\\\/\\\/tothepointe.gr\\\/fr\\\/notre-espace\\\/\"]}]},{\"@type\":\"BreadcrumbList\",\"@id\":\"https:\\\/\\\/tothepointe.gr\\\/fr\\\/notre-espace\\\/#breadcrumb\",\"itemListElement\":[{\"@type\":\"ListItem\",\"position\":1,\"name\":\"\u0391\u03c1\u03c7\u03b9\u03ba\u03ae\",\"item\":\"https:\\\/\\\/tothepointe.gr\\\/fr\\\/domicile\\\/\"},{\"@type\":\"ListItem\",\"position\":2,\"name\":\"Notre espace\"}]},{\"@type\":\"WebSite\",\"@id\":\"https:\\\/\\\/tothepointe.gr\\\/fr\\\/#website\",\"url\":\"https:\\\/\\\/tothepointe.gr\\\/fr\\\/\",\"name\":\"tothepointe.gr - by \u039d\u03b9\u03ba\u03bf\u03bb\u03ad\u03c4\u03c4\u03b1 \u039a\u03b1\u03c1\u03bf\u03bb\u03af\u03b4\u03bf\u03c5\",\"description\":\"by \u039d\u03b9\u03ba\u03bf\u03bb\u03ad\u03c4\u03c4\u03b1 \u039a\u03b1\u03c1\u03bf\u03bb\u03af\u03b4\u03bf\u03c5\",\"publisher\":{\"@id\":\"https:\\\/\\\/tothepointe.gr\\\/fr\\\/#organization\"},\"potentialAction\":[{\"@type\":\"SearchAction\",\"target\":{\"@type\":\"EntryPoint\",\"urlTemplate\":\"https:\\\/\\\/tothepointe.gr\\\/fr\\\/?s={search_term_string}\"},\"query-input\":{\"@type\":\"PropertyValueSpecification\",\"valueRequired\":true,\"valueName\":\"search_term_string\"}}],\"inLanguage\":\"fr-FR\"},{\"@type\":\"Organization\",\"@id\":\"https:\\\/\\\/tothepointe.gr\\\/fr\\\/#organization\",\"name\":\"tothepointe.gr - by \u039d\u03b9\u03ba\u03bf\u03bb\u03ad\u03c4\u03c4\u03b1 \u039a\u03b1\u03c1\u03bf\u03bb\u03af\u03b4\u03bf\u03c5\",\"url\":\"https:\\\/\\\/tothepointe.gr\\\/fr\\\/\",\"logo\":{\"@type\":\"ImageObject\",\"inLanguage\":\"fr-FR\",\"@id\":\"https:\\\/\\\/tothepointe.gr\\\/fr\\\/#\\\/schema\\\/logo\\\/image\\\/\",\"url\":\"https:\\\/\\\/tothepointe.gr\\\/wp-content\\\/uploads\\\/2024\\\/08\\\/tothepointe_logo_1000x1000-01-ew1.jpg\",\"contentUrl\":\"https:\\\/\\\/tothepointe.gr\\\/wp-content\\\/uploads\\\/2024\\\/08\\\/tothepointe_logo_1000x1000-01-ew1.jpg\",\"width\":142,\"height\":100,\"caption\":\"tothepointe.gr - by \u039d\u03b9\u03ba\u03bf\u03bb\u03ad\u03c4\u03c4\u03b1 \u039a\u03b1\u03c1\u03bf\u03bb\u03af\u03b4\u03bf\u03c5\"},\"image\":{\"@id\":\"https:\\\/\\\/tothepointe.gr\\\/fr\\\/#\\\/schema\\\/logo\\\/image\\\/\"},\"sameAs\":[\"https:\\\/\\\/www.facebook.com\\\/people\\\/To-The-Pointe\\\/61560969661010\\\/\",\"https:\\\/\\\/www.instagram.com\\\/tothepointedanceschool\\\/?igsh=MTk2Zzk4ZnhtYXhuYg\"]}]}<\/script>\n<!-- \/ Yoast SEO plugin. -->","yoast_head_json":{"title":"Notre espace - tothepointe.gr","robots":{"index":"index","follow":"follow","max-snippet":"max-snippet:-1","max-image-preview":"max-image-preview:large","max-video-preview":"max-video-preview:-1"},"canonical":"https:\/\/tothepointe.gr\/fr\/notre-espace\/","og_locale":"fr_FR","og_type":"article","og_title":"Notre espace - tothepointe.gr","og_description":"[vc_row content_placement=\u00a0\u00bbmiddle\u00a0\u00bb curly_padding=\u00a0\u00bbcontent-padding-lg\u00a0\u00bb css=\u00a0\u00bb.vc_custom_1474889331427{border-bottom-width: 1px !important;border-bottom-color: #f4f4f4 !important;border-bottom-style: solid !important;}\u00a0\u00bb][vc_column width=\u00a0\u00bb1\/2&Prime; offset=\u00a0\u00bbvc_col-sm-offset-1&Prime;][vc_single_image image=\u00a0\u00bb3085&Prime; img_size=\u00a0\u00bblarge\u00a0\u00bb style=\u00a0\u00bbimg-frame-large\u00a0\u00bb css=\u00a0\u00bb\u00a0\u00bb][vc_single_image image=\u00a0\u00bb3080&Prime; img_size=\u00a0\u00bblarge\u00a0\u00bb style=\u00a0\u00bbimg-frame-large\u00a0\u00bb css=\u00a0\u00bb\u00a0\u00bb curly_layer_parallax=\u00a0\u00bbtrue\u00a0\u00bb curly_layer_1_vertical=\u00a0\u00bbtop: 20%\u00a0\u00bb curly_layer_1_horizontal=\u00a0\u00bbleft: -15%\u00a0\u00bb curly_layer_1_ratio=\u00a0\u00bb1&Prime; curly_max_width=\u00a0\u00bb18rem\u00a0\u00bb][\/vc_column][vc_column width=\u00a0\u00bb1\/3&Prime; offset=\u00a0\u00bbvc_col-sm-offset-1&Prime;][vc_column_text css=\u00a0\u00bb\u00a0\u00bb]L \u00ab \u00e9cole a \u00e9t\u00e9 cr\u00e9\u00e9e en 2024 et est reconnue par l \u00bb \u00c9tat. Cela signifie qu\u2019il fonctionne selon des dispositions sp\u00e9cifiques, qu\u2019il dispose des sp\u00e9cifications n\u00e9cessaires, en ce qui [&hellip;]","og_url":"https:\/\/tothepointe.gr\/fr\/notre-espace\/","og_site_name":"tothepointe.gr","article_publisher":"https:\/\/www.facebook.com\/people\/To-The-Pointe\/61560969661010\/","article_modified_time":"2025-05-25T20:32:16+00:00","og_image":[{"url":"https:\/\/tothepointe.gr\/wp-content\/uploads\/2024\/08\/ballerina-tutu-dress-with-copy-space.jpg","width":660,"height":371,"type":"image\/jpeg"}],"twitter_card":"summary_large_image","twitter_misc":{"Dur\u00e9e de lecture estim\u00e9e":"2 minutes"},"schema":{"@context":"https:\/\/schema.org","@graph":[{"@type":"WebPage","@id":"https:\/\/tothepointe.gr\/fr\/notre-espace\/","url":"https:\/\/tothepointe.gr\/fr\/notre-espace\/","name":"Notre espace - tothepointe.gr","isPartOf":{"@id":"https:\/\/tothepointe.gr\/fr\/#website"},"datePublished":"2016-06-07T00:27:23+00:00","dateModified":"2025-05-25T20:32:16+00:00","breadcrumb":{"@id":"https:\/\/tothepointe.gr\/fr\/notre-espace\/#breadcrumb"},"inLanguage":"fr-FR","potentialAction":[{"@type":"ReadAction","target":["https:\/\/tothepointe.gr\/fr\/notre-espace\/"]}]},{"@type":"BreadcrumbList","@id":"https:\/\/tothepointe.gr\/fr\/notre-espace\/#breadcrumb","itemListElement":[{"@type":"ListItem","position":1,"name":"\u0391\u03c1\u03c7\u03b9\u03ba\u03ae","item":"https:\/\/tothepointe.gr\/fr\/domicile\/"},{"@type":"ListItem","position":2,"name":"Notre espace"}]},{"@type":"WebSite","@id":"https:\/\/tothepointe.gr\/fr\/#website","url":"https:\/\/tothepointe.gr\/fr\/","name":"tothepointe.gr - by \u039d\u03b9\u03ba\u03bf\u03bb\u03ad\u03c4\u03c4\u03b1 \u039a\u03b1\u03c1\u03bf\u03bb\u03af\u03b4\u03bf\u03c5","description":"by \u039d\u03b9\u03ba\u03bf\u03bb\u03ad\u03c4\u03c4\u03b1 \u039a\u03b1\u03c1\u03bf\u03bb\u03af\u03b4\u03bf\u03c5","publisher":{"@id":"https:\/\/tothepointe.gr\/fr\/#organization"},"potentialAction":[{"@type":"SearchAction","target":{"@type":"EntryPoint","urlTemplate":"https:\/\/tothepointe.gr\/fr\/?s={search_term_string}"},"query-input":{"@type":"PropertyValueSpecification","valueRequired":true,"valueName":"search_term_string"}}],"inLanguage":"fr-FR"},{"@type":"Organization","@id":"https:\/\/tothepointe.gr\/fr\/#organization","name":"tothepointe.gr - by \u039d\u03b9\u03ba\u03bf\u03bb\u03ad\u03c4\u03c4\u03b1 \u039a\u03b1\u03c1\u03bf\u03bb\u03af\u03b4\u03bf\u03c5","url":"https:\/\/tothepointe.gr\/fr\/","logo":{"@type":"ImageObject","inLanguage":"fr-FR","@id":"https:\/\/tothepointe.gr\/fr\/#\/schema\/logo\/image\/","url":"https:\/\/tothepointe.gr\/wp-content\/uploads\/2024\/08\/tothepointe_logo_1000x1000-01-ew1.jpg","contentUrl":"https:\/\/tothepointe.gr\/wp-content\/uploads\/2024\/08\/tothepointe_logo_1000x1000-01-ew1.jpg","width":142,"height":100,"caption":"tothepointe.gr - by \u039d\u03b9\u03ba\u03bf\u03bb\u03ad\u03c4\u03c4\u03b1 \u039a\u03b1\u03c1\u03bf\u03bb\u03af\u03b4\u03bf\u03c5"},"image":{"@id":"https:\/\/tothepointe.gr\/fr\/#\/schema\/logo\/image\/"},"sameAs":["https:\/\/www.facebook.com\/people\/To-The-Pointe\/61560969661010\/","https:\/\/www.instagram.com\/tothepointedanceschool\/?igsh=MTk2Zzk4ZnhtYXhuYg"]}]}},"_links":{"self":[{"href":"https:\/\/tothepointe.gr\/fr\/wp-json\/wp\/v2\/pages\/3070","targetHints":{"allow":["GET"]}}],"collection":[{"href":"https:\/\/tothepointe.gr\/fr\/wp-json\/wp\/v2\/pages"}],"about":[{"href":"https:\/\/tothepointe.gr\/fr\/wp-json\/wp\/v2\/types\/page"}],"author":[{"embeddable":true,"href":"https:\/\/tothepointe.gr\/fr\/wp-json\/wp\/v2\/users\/1"}],"replies":[{"embeddable":true,"href":"https:\/\/tothepointe.gr\/fr\/wp-json\/wp\/v2\/comments?post=3070"}],"version-history":[{"count":3,"href":"https:\/\/tothepointe.gr\/fr\/wp-json\/wp\/v2\/pages\/3070\/revisions"}],"predecessor-version":[{"id":3112,"href":"https:\/\/tothepointe.gr\/fr\/wp-json\/wp\/v2\/pages\/3070\/revisions\/3112"}],"wp:attachment":[{"href":"https:\/\/tothepointe.gr\/fr\/wp-json\/wp\/v2\/media?parent=3070"}],"curies":[{"name":"wp","href":"https:\/\/api.w.org\/{rel}","templated":true}]}}