{"id":3105,"date":"2024-08-07T21:53:52","date_gmt":"2024-08-07T21:53:52","guid":{"rendered":"https:\/\/tothepointe.gr\/danser-ensemble\/"},"modified":"2025-05-25T20:32:19","modified_gmt":"2025-05-25T20:32:19","slug":"danser-ensemble","status":"publish","type":"page","link":"https:\/\/tothepointe.gr\/fr\/services\/danser-ensemble\/","title":{"rendered":"Danser ensemble"},"content":{"rendered":"<div class=\"wpb-content-wrapper\">[vc_row curly_padding=\u00a0\u00bbcontent-padding-lg\u00a0\u00bb][vc_column][vc_single_image image=\u00a0\u00bb2465&Prime; img_size=\u00a0\u00bblarge\u00a0\u00bb alignment=\u00a0\u00bbcenter\u00a0\u00bb style=\u00a0\u00bbimg-frame-large\u00a0\u00bb css=\u00a0\u00bb\u00a0\u00bb][vc_empty_space][vc_column_text css=\u00a0\u00bb\u00a0\u00bb]Le cours s\u2019adresse aux enfants de 2 \u00e0 4 ans en m\u00eame temps que leur session.[\/vc_column_text][vc_separator][vc_column_text css=\u00a0\u00bb\u00a0\u00bb]\n<h3>Nous dansons ensemble<\/h3>\n<p>Les enfants dansent d\u00e8s leurs premiers pas. La musique pr\u00e9sente de multiples avantages dans son d\u00e9veloppement. Nous avons donc con\u00e7u une le\u00e7on qui s\u2019adresse aux tr\u00e8s jeunes enfants dans le but de s\u2019amuser et d\u2019apprendre \u00e0 conna\u00eetre leur corps. En utilisant des outils d\u2019\u00e9ducation musico-motrice et en ayant leur routine quotidienne comme alli\u00e9, nous les aidons \u00e0 se familiariser avec le mouvement et la cr\u00e9ation. Dans cette le\u00e7on, nous voulons que les escortes soient des alli\u00e9s actifs dans la danse, le chant et les c\u00e2lins. Un moment id\u00e9al pour retrouver votre enfant et passer du temps de qualit\u00e9, l\u2019aider \u00e0 se familiariser avec le nouvel espace et \u00e0 \u00e9viter l\u2019anxi\u00e9t\u00e9 de s\u00e9paration qu\u2019il vit \u00e0 cet \u00e2ge. Soyez s\u00fbr que petits et grands passeront un bon moment.[\/vc_column_text][vc_separator][vc_empty_space][vc_separator][\/vc_column][\/vc_row]\n<\/div>","protected":false},"excerpt":{"rendered":"<p>[vc_row curly_padding=\u00a0\u00bbcontent-padding-lg\u00a0\u00bb][vc_column][vc_single_image image=\u00a0\u00bb2465&Prime; img_size=\u00a0\u00bblarge\u00a0\u00bb alignment=\u00a0\u00bbcenter\u00a0\u00bb style=\u00a0\u00bbimg-frame-large\u00a0\u00bb css=\u00a0\u00bb\u00a0\u00bb][vc_empty_space][vc_column_text css=\u00a0\u00bb\u00a0\u00bb]Le cours s\u2019adresse aux enfants de 2 \u00e0 4 ans en m\u00eame temps que leur session.[\/vc_column_text][vc_separator][vc_column_text css=\u00a0\u00bb\u00a0\u00bb] Nous dansons ensemble Les enfants dansent d\u00e8s leurs premiers pas. La musique pr\u00e9sente de multiples avantages dans son d\u00e9veloppement. Nous avons donc con\u00e7u une le\u00e7on qui s\u2019adresse aux tr\u00e8s jeunes enfants dans le but de s\u2019amuser [&hellip;]<\/p>\n","protected":false},"author":1,"featured_media":0,"parent":3143,"menu_order":0,"comment_status":"closed","ping_status":"closed","template":"","meta":{"footnotes":""},"class_list":["post-3105","page","type-page","status-publish","hentry"],"yoast_head":"<!-- This site is optimized with the Yoast SEO plugin v27.4 - https:\/\/yoast.com\/product\/yoast-seo-wordpress\/ -->\n<title>Danser ensemble - tothepointe.gr<\/title>\n<meta name=\"robots\" content=\"index, follow, max-snippet:-1, max-image-preview:large, max-video-preview:-1\" \/>\n<link rel=\"canonical\" href=\"https:\/\/tothepointe.gr\/fr\/services\/danser-ensemble\/\" \/>\n<meta property=\"og:locale\" content=\"fr_FR\" \/>\n<meta property=\"og:type\" content=\"article\" \/>\n<meta property=\"og:title\" content=\"Danser ensemble - tothepointe.gr\" \/>\n<meta property=\"og:description\" content=\"[vc_row curly_padding=\u00a0\u00bbcontent-padding-lg\u00a0\u00bb][vc_column][vc_single_image image=\u00a0\u00bb2465&Prime; img_size=\u00a0\u00bblarge\u00a0\u00bb alignment=\u00a0\u00bbcenter\u00a0\u00bb style=\u00a0\u00bbimg-frame-large\u00a0\u00bb css=\u00a0\u00bb\u00a0\u00bb][vc_empty_space][vc_column_text css=\u00a0\u00bb\u00a0\u00bb]Le cours s\u2019adresse aux enfants de 2 \u00e0 4 ans en m\u00eame temps que leur session.[\/vc_column_text][vc_separator][vc_column_text css=\u00a0\u00bb\u00a0\u00bb] Nous dansons ensemble Les enfants dansent d\u00e8s leurs premiers pas. La musique pr\u00e9sente de multiples avantages dans son d\u00e9veloppement. Nous avons donc con\u00e7u une le\u00e7on qui s\u2019adresse aux tr\u00e8s jeunes enfants dans le but de s\u2019amuser [&hellip;]\" \/>\n<meta property=\"og:url\" content=\"https:\/\/tothepointe.gr\/fr\/services\/danser-ensemble\/\" \/>\n<meta property=\"og:site_name\" content=\"tothepointe.gr\" \/>\n<meta property=\"article:publisher\" content=\"https:\/\/www.facebook.com\/people\/To-The-Pointe\/61560969661010\/\" \/>\n<meta property=\"article:modified_time\" content=\"2025-05-25T20:32:19+00:00\" \/>\n<meta property=\"og:image\" content=\"https:\/\/tothepointe.gr\/wp-content\/uploads\/2024\/08\/ballerina-tutu-dress-with-copy-space.jpg\" \/>\n\t<meta property=\"og:image:width\" content=\"660\" \/>\n\t<meta property=\"og:image:height\" content=\"371\" \/>\n\t<meta property=\"og:image:type\" content=\"image\/jpeg\" \/>\n<meta name=\"twitter:card\" content=\"summary_large_image\" \/>\n<meta name=\"twitter:label1\" content=\"Dur\u00e9e de lecture estim\u00e9e\" \/>\n\t<meta name=\"twitter:data1\" content=\"1 minute\" \/>\n<script type=\"application\/ld+json\" class=\"yoast-schema-graph\">{\"@context\":\"https:\\\/\\\/schema.org\",\"@graph\":[{\"@type\":\"WebPage\",\"@id\":\"https:\\\/\\\/tothepointe.gr\\\/fr\\\/services\\\/danser-ensemble\\\/\",\"url\":\"https:\\\/\\\/tothepointe.gr\\\/fr\\\/services\\\/danser-ensemble\\\/\",\"name\":\"Danser ensemble - tothepointe.gr\",\"isPartOf\":{\"@id\":\"https:\\\/\\\/tothepointe.gr\\\/fr\\\/#website\"},\"datePublished\":\"2024-08-07T21:53:52+00:00\",\"dateModified\":\"2025-05-25T20:32:19+00:00\",\"breadcrumb\":{\"@id\":\"https:\\\/\\\/tothepointe.gr\\\/fr\\\/services\\\/danser-ensemble\\\/#breadcrumb\"},\"inLanguage\":\"fr-FR\",\"potentialAction\":[{\"@type\":\"ReadAction\",\"target\":[\"https:\\\/\\\/tothepointe.gr\\\/fr\\\/services\\\/danser-ensemble\\\/\"]}]},{\"@type\":\"BreadcrumbList\",\"@id\":\"https:\\\/\\\/tothepointe.gr\\\/fr\\\/services\\\/danser-ensemble\\\/#breadcrumb\",\"itemListElement\":[{\"@type\":\"ListItem\",\"position\":1,\"name\":\"\u0391\u03c1\u03c7\u03b9\u03ba\u03ae\",\"item\":\"https:\\\/\\\/tothepointe.gr\\\/fr\\\/domicile\\\/\"},{\"@type\":\"ListItem\",\"position\":2,\"name\":\"Services\",\"item\":\"https:\\\/\\\/tothepointe.gr\\\/fr\\\/services\\\/\"},{\"@type\":\"ListItem\",\"position\":3,\"name\":\"Danser ensemble\"}]},{\"@type\":\"WebSite\",\"@id\":\"https:\\\/\\\/tothepointe.gr\\\/fr\\\/#website\",\"url\":\"https:\\\/\\\/tothepointe.gr\\\/fr\\\/\",\"name\":\"tothepointe.gr - by \u039d\u03b9\u03ba\u03bf\u03bb\u03ad\u03c4\u03c4\u03b1 \u039a\u03b1\u03c1\u03bf\u03bb\u03af\u03b4\u03bf\u03c5\",\"description\":\"by \u039d\u03b9\u03ba\u03bf\u03bb\u03ad\u03c4\u03c4\u03b1 \u039a\u03b1\u03c1\u03bf\u03bb\u03af\u03b4\u03bf\u03c5\",\"publisher\":{\"@id\":\"https:\\\/\\\/tothepointe.gr\\\/fr\\\/#organization\"},\"potentialAction\":[{\"@type\":\"SearchAction\",\"target\":{\"@type\":\"EntryPoint\",\"urlTemplate\":\"https:\\\/\\\/tothepointe.gr\\\/fr\\\/?s={search_term_string}\"},\"query-input\":{\"@type\":\"PropertyValueSpecification\",\"valueRequired\":true,\"valueName\":\"search_term_string\"}}],\"inLanguage\":\"fr-FR\"},{\"@type\":\"Organization\",\"@id\":\"https:\\\/\\\/tothepointe.gr\\\/fr\\\/#organization\",\"name\":\"tothepointe.gr - by \u039d\u03b9\u03ba\u03bf\u03bb\u03ad\u03c4\u03c4\u03b1 \u039a\u03b1\u03c1\u03bf\u03bb\u03af\u03b4\u03bf\u03c5\",\"url\":\"https:\\\/\\\/tothepointe.gr\\\/fr\\\/\",\"logo\":{\"@type\":\"ImageObject\",\"inLanguage\":\"fr-FR\",\"@id\":\"https:\\\/\\\/tothepointe.gr\\\/fr\\\/#\\\/schema\\\/logo\\\/image\\\/\",\"url\":\"https:\\\/\\\/tothepointe.gr\\\/wp-content\\\/uploads\\\/2024\\\/08\\\/tothepointe_logo_1000x1000-01-ew1.jpg\",\"contentUrl\":\"https:\\\/\\\/tothepointe.gr\\\/wp-content\\\/uploads\\\/2024\\\/08\\\/tothepointe_logo_1000x1000-01-ew1.jpg\",\"width\":142,\"height\":100,\"caption\":\"tothepointe.gr - by \u039d\u03b9\u03ba\u03bf\u03bb\u03ad\u03c4\u03c4\u03b1 \u039a\u03b1\u03c1\u03bf\u03bb\u03af\u03b4\u03bf\u03c5\"},\"image\":{\"@id\":\"https:\\\/\\\/tothepointe.gr\\\/fr\\\/#\\\/schema\\\/logo\\\/image\\\/\"},\"sameAs\":[\"https:\\\/\\\/www.facebook.com\\\/people\\\/To-The-Pointe\\\/61560969661010\\\/\",\"https:\\\/\\\/www.instagram.com\\\/tothepointedanceschool\\\/?igsh=MTk2Zzk4ZnhtYXhuYg\"]}]}<\/script>\n<!-- \/ Yoast SEO plugin. -->","yoast_head_json":{"title":"Danser ensemble - tothepointe.gr","robots":{"index":"index","follow":"follow","max-snippet":"max-snippet:-1","max-image-preview":"max-image-preview:large","max-video-preview":"max-video-preview:-1"},"canonical":"https:\/\/tothepointe.gr\/fr\/services\/danser-ensemble\/","og_locale":"fr_FR","og_type":"article","og_title":"Danser ensemble - tothepointe.gr","og_description":"[vc_row curly_padding=\u00a0\u00bbcontent-padding-lg\u00a0\u00bb][vc_column][vc_single_image image=\u00a0\u00bb2465&Prime; img_size=\u00a0\u00bblarge\u00a0\u00bb alignment=\u00a0\u00bbcenter\u00a0\u00bb style=\u00a0\u00bbimg-frame-large\u00a0\u00bb css=\u00a0\u00bb\u00a0\u00bb][vc_empty_space][vc_column_text css=\u00a0\u00bb\u00a0\u00bb]Le cours s\u2019adresse aux enfants de 2 \u00e0 4 ans en m\u00eame temps que leur session.[\/vc_column_text][vc_separator][vc_column_text css=\u00a0\u00bb\u00a0\u00bb] Nous dansons ensemble Les enfants dansent d\u00e8s leurs premiers pas. La musique pr\u00e9sente de multiples avantages dans son d\u00e9veloppement. Nous avons donc con\u00e7u une le\u00e7on qui s\u2019adresse aux tr\u00e8s jeunes enfants dans le but de s\u2019amuser [&hellip;]","og_url":"https:\/\/tothepointe.gr\/fr\/services\/danser-ensemble\/","og_site_name":"tothepointe.gr","article_publisher":"https:\/\/www.facebook.com\/people\/To-The-Pointe\/61560969661010\/","article_modified_time":"2025-05-25T20:32:19+00:00","og_image":[{"url":"https:\/\/tothepointe.gr\/wp-content\/uploads\/2024\/08\/ballerina-tutu-dress-with-copy-space.jpg","width":660,"height":371,"type":"image\/jpeg"}],"twitter_card":"summary_large_image","twitter_misc":{"Dur\u00e9e de lecture estim\u00e9e":"1 minute"},"schema":{"@context":"https:\/\/schema.org","@graph":[{"@type":"WebPage","@id":"https:\/\/tothepointe.gr\/fr\/services\/danser-ensemble\/","url":"https:\/\/tothepointe.gr\/fr\/services\/danser-ensemble\/","name":"Danser ensemble - tothepointe.gr","isPartOf":{"@id":"https:\/\/tothepointe.gr\/fr\/#website"},"datePublished":"2024-08-07T21:53:52+00:00","dateModified":"2025-05-25T20:32:19+00:00","breadcrumb":{"@id":"https:\/\/tothepointe.gr\/fr\/services\/danser-ensemble\/#breadcrumb"},"inLanguage":"fr-FR","potentialAction":[{"@type":"ReadAction","target":["https:\/\/tothepointe.gr\/fr\/services\/danser-ensemble\/"]}]},{"@type":"BreadcrumbList","@id":"https:\/\/tothepointe.gr\/fr\/services\/danser-ensemble\/#breadcrumb","itemListElement":[{"@type":"ListItem","position":1,"name":"\u0391\u03c1\u03c7\u03b9\u03ba\u03ae","item":"https:\/\/tothepointe.gr\/fr\/domicile\/"},{"@type":"ListItem","position":2,"name":"Services","item":"https:\/\/tothepointe.gr\/fr\/services\/"},{"@type":"ListItem","position":3,"name":"Danser ensemble"}]},{"@type":"WebSite","@id":"https:\/\/tothepointe.gr\/fr\/#website","url":"https:\/\/tothepointe.gr\/fr\/","name":"tothepointe.gr - by \u039d\u03b9\u03ba\u03bf\u03bb\u03ad\u03c4\u03c4\u03b1 \u039a\u03b1\u03c1\u03bf\u03bb\u03af\u03b4\u03bf\u03c5","description":"by \u039d\u03b9\u03ba\u03bf\u03bb\u03ad\u03c4\u03c4\u03b1 \u039a\u03b1\u03c1\u03bf\u03bb\u03af\u03b4\u03bf\u03c5","publisher":{"@id":"https:\/\/tothepointe.gr\/fr\/#organization"},"potentialAction":[{"@type":"SearchAction","target":{"@type":"EntryPoint","urlTemplate":"https:\/\/tothepointe.gr\/fr\/?s={search_term_string}"},"query-input":{"@type":"PropertyValueSpecification","valueRequired":true,"valueName":"search_term_string"}}],"inLanguage":"fr-FR"},{"@type":"Organization","@id":"https:\/\/tothepointe.gr\/fr\/#organization","name":"tothepointe.gr - by \u039d\u03b9\u03ba\u03bf\u03bb\u03ad\u03c4\u03c4\u03b1 \u039a\u03b1\u03c1\u03bf\u03bb\u03af\u03b4\u03bf\u03c5","url":"https:\/\/tothepointe.gr\/fr\/","logo":{"@type":"ImageObject","inLanguage":"fr-FR","@id":"https:\/\/tothepointe.gr\/fr\/#\/schema\/logo\/image\/","url":"https:\/\/tothepointe.gr\/wp-content\/uploads\/2024\/08\/tothepointe_logo_1000x1000-01-ew1.jpg","contentUrl":"https:\/\/tothepointe.gr\/wp-content\/uploads\/2024\/08\/tothepointe_logo_1000x1000-01-ew1.jpg","width":142,"height":100,"caption":"tothepointe.gr - by \u039d\u03b9\u03ba\u03bf\u03bb\u03ad\u03c4\u03c4\u03b1 \u039a\u03b1\u03c1\u03bf\u03bb\u03af\u03b4\u03bf\u03c5"},"image":{"@id":"https:\/\/tothepointe.gr\/fr\/#\/schema\/logo\/image\/"},"sameAs":["https:\/\/www.facebook.com\/people\/To-The-Pointe\/61560969661010\/","https:\/\/www.instagram.com\/tothepointedanceschool\/?igsh=MTk2Zzk4ZnhtYXhuYg"]}]}},"_links":{"self":[{"href":"https:\/\/tothepointe.gr\/fr\/wp-json\/wp\/v2\/pages\/3105","targetHints":{"allow":["GET"]}}],"collection":[{"href":"https:\/\/tothepointe.gr\/fr\/wp-json\/wp\/v2\/pages"}],"about":[{"href":"https:\/\/tothepointe.gr\/fr\/wp-json\/wp\/v2\/types\/page"}],"author":[{"embeddable":true,"href":"https:\/\/tothepointe.gr\/fr\/wp-json\/wp\/v2\/users\/1"}],"replies":[{"embeddable":true,"href":"https:\/\/tothepointe.gr\/fr\/wp-json\/wp\/v2\/comments?post=3105"}],"version-history":[{"count":2,"href":"https:\/\/tothepointe.gr\/fr\/wp-json\/wp\/v2\/pages\/3105\/revisions"}],"predecessor-version":[{"id":3109,"href":"https:\/\/tothepointe.gr\/fr\/wp-json\/wp\/v2\/pages\/3105\/revisions\/3109"}],"up":[{"embeddable":true,"href":"https:\/\/tothepointe.gr\/fr\/wp-json\/wp\/v2\/pages\/3143"}],"wp:attachment":[{"href":"https:\/\/tothepointe.gr\/fr\/wp-json\/wp\/v2\/media?parent=3105"}],"curies":[{"name":"wp","href":"https:\/\/api.w.org\/{rel}","templated":true}]}}