{"id":3107,"date":"2016-09-23T20:33:22","date_gmt":"2016-09-23T20:33:22","guid":{"rendered":"https:\/\/tothepointe.gr\/ballet-classique\/"},"modified":"2025-05-25T20:32:19","modified_gmt":"2025-05-25T20:32:19","slug":"ballet-classique","status":"publish","type":"page","link":"https:\/\/tothepointe.gr\/fr\/services\/ballet-classique\/","title":{"rendered":"Ballet classique"},"content":{"rendered":"<div class=\"wpb-content-wrapper\">[vc_row curly_padding=\u00a0\u00bbcontent-padding-lg\u00a0\u00bb][vc_column][vc_single_image image=\u00a0\u00bb3126&Prime; img_size=\u00a0\u00bblarge\u00a0\u00bb alignment=\u00a0\u00bbcenter\u00a0\u00bb style=\u00a0\u00bbimg-frame-large\u00a0\u00bb css=\u00a0\u00bb\u00a0\u00bb][vc_empty_space el_id=\u00a0\u00bbballetfromstart\u00a0\u00bb][vc_separator][vc_column_text css=\u00a0\u00bb\u00a0\u00bb el_id=\u00a0\u00bblittlebalerinas\u00a0\u00bb]\n<h3>Ballet classique<\/h3>\n<p>Le ballet est un type de danse, originaire de l\u2019Italie du XVe si\u00e8cle, qui a ensuite \u00e9volu\u00e9 vers sa forme sc\u00e9nique, principalement en France et en Russie.<\/p>\n<p>La nuance de ballet la plus connue et la plus populaire est celle qui s\u2019est d\u00e9velopp\u00e9e \u00e0 l\u2019\u00e9poque romantique (le soi-disant Ballet blanc), au cours de laquelle l\u2019accent tombe sur le sommet de la danse (le soi-disant danseur \u00e9toile), ce qui, en tant que r\u00f4le principal, exclut la pr\u00e9\u00e9minence de presque tous les autres ; Elle est appel\u00e9e \u00e0 ex\u00e9cuter des techniques difficiles, qui comprennent des mouvements verticaux reposant sur les orteils (en pointe), des pirouettes et d\u2019autres mouvements acrobatiques d\u2019habilet\u00e9, tandis que sa robe a \u00e9t\u00e9 \u00e9tablie avec ce que l\u2019on appelle le tutu fran\u00e7ais (robe courte en tulle blanc qui laisse les cuisses expos\u00e9es et permet ainsi une libert\u00e9 de mouvement). Les premi\u00e8res pointes \u00e9taient en fait des chaussures de danse (commun\u00e9ment appel\u00e9es ballerines) avec un orteil renforc\u00e9, de sorte que la ballerine pouvait se tenir sur le bout de ses doigts, donnant l\u2019impression qu\u2019elle flottait. L\u2019\u00e9volution du ballet comprend les genres du ballet expressionniste et n\u00e9oclassique, ainsi que des \u00e9l\u00e9ments de la danse contemporaine.<\/p>\n<p>Le ballet classique (\u00e9galement appel\u00e9 ballet romantique) est un syst\u00e8me de danse bas\u00e9 sur des mouvements et des positions standardis\u00e9s des mains et des jambes con\u00e7us pour permettre au danseur de se d\u00e9placer avec le plus de souplesse, de contr\u00f4le, de vitesse, de l\u00e9g\u00e8ret\u00e9 et de gr\u00e2ce possible.<\/p>\n<p>Le ballet classique est connu pour sa technique rigoureuse, ses mouvements fluides et pr\u00e9cis et son esth\u00e9tique simple. Le th\u00e8me du ballet classique peut \u00eatre romantique, r\u00e9aliste ou dramatique, et il peut \u00eatre repr\u00e9sent\u00e9 avec une vari\u00e9t\u00e9 d\u2019\u00e9tats \u00e9motionnels.<\/p>\n<p>Le ballet, en tant que type de danse, est un exercice id\u00e9al pour les enfants, donnant souplesse et harmonie au mouvement. La danse classique apprend \u00e0 l\u2019enfant \u00e0 se tenir debout et \u00e0 marcher correctement.<\/p>\n<p>&nbsp;<\/p>\n<p>Dans notre \u00e9cole, nous enseignons le ballet avec le syst\u00e8me Vaganova. Ce syst\u00e8me est un m\u00e9lange des meilleurs \u00e9l\u00e9ments de l\u2019ancien syst\u00e8me imp\u00e9rial russe avec un mouvement plus dynamique que Vaganova elle-m\u00eame a d\u00e9velopp\u00e9. Le syst\u00e8me Vaganova est une m\u00e9thode de ballet classique qui encourage les danseurs \u00e0 danser avec tout leur corps.<\/p>\n<p>Le syst\u00e8me Vaganova aide le danseur \u00e0 d\u00e9velopper un torse fort, atteint la flexibilit\u00e9 musculaire et l\u2019allongement du mouvement, donne un saut haut donnant l\u2019illusion du balancement, combinant la force avec la gr\u00e2ce des mains que d\u2019autres m\u00e9thodes n\u2019utilisent pas de la m\u00eame mani\u00e8re&nbsp;!<\/p>\n<p>Dans notre \u00e9cole, il y a des cours pour les enfants d\u2019\u00e2ge pr\u00e9scolaire (Little Ballarinas), enseignant la danse rythmique, musico-cin\u00e9tique et cr\u00e9ative, des cours pour enfants o\u00f9, dans le respect du corps, nous apprenons les principes de base du ballet (BAM), nous apprenons la technique du syst\u00e8me Vaganova (Ballets) et nous entrons lentement dans la magie des chaussures Pointes (To the Pointe). Enfin, vous pouvez commencer la danse classique sans \u00eatre enfant et sans avoir d\u2019exp\u00e9rience (Ballet d\u00e8s le d\u00e9but) ou int\u00e9grer le d\u00e9partement avanc\u00e9 (Ballet Plus) o\u00f9 vous pourrez d\u00e9velopper votre technique ou vous pr\u00e9parer aux examens d\u2019entr\u00e9e du Minist\u00e8re de la Culture.[\/vc_column_text][\/vc_column][\/vc_row]\n<\/div>","protected":false},"excerpt":{"rendered":"<p>[vc_row curly_padding=\u00a0\u00bbcontent-padding-lg\u00a0\u00bb][vc_column][vc_single_image image=\u00a0\u00bb3126&Prime; img_size=\u00a0\u00bblarge\u00a0\u00bb alignment=\u00a0\u00bbcenter\u00a0\u00bb style=\u00a0\u00bbimg-frame-large\u00a0\u00bb css=\u00a0\u00bb\u00a0\u00bb][vc_empty_space el_id=\u00a0\u00bbballetfromstart\u00a0\u00bb][vc_separator][vc_column_text css=\u00a0\u00bb\u00a0\u00bb el_id=\u00a0\u00bblittlebalerinas\u00a0\u00bb] Ballet classique Le ballet est un type de danse, originaire de l\u2019Italie du XVe si\u00e8cle, qui a ensuite \u00e9volu\u00e9 vers sa forme sc\u00e9nique, principalement en France et en Russie. La nuance de ballet la plus connue et la plus populaire est celle qui s\u2019est d\u00e9velopp\u00e9e \u00e0 l\u2019\u00e9poque romantique (le soi-disant [&hellip;]<\/p>\n","protected":false},"author":1,"featured_media":0,"parent":3143,"menu_order":0,"comment_status":"closed","ping_status":"closed","template":"","meta":{"footnotes":""},"class_list":["post-3107","page","type-page","status-publish","hentry"],"yoast_head":"<!-- This site is optimized with the Yoast SEO plugin v27.4 - https:\/\/yoast.com\/product\/yoast-seo-wordpress\/ -->\n<title>Ballet classique - tothepointe.gr<\/title>\n<meta name=\"robots\" content=\"index, follow, max-snippet:-1, max-image-preview:large, max-video-preview:-1\" \/>\n<link rel=\"canonical\" href=\"https:\/\/tothepointe.gr\/fr\/services\/ballet-classique\/\" \/>\n<meta property=\"og:locale\" content=\"fr_FR\" \/>\n<meta property=\"og:type\" content=\"article\" \/>\n<meta property=\"og:title\" content=\"Ballet classique - tothepointe.gr\" \/>\n<meta property=\"og:description\" content=\"[vc_row curly_padding=\u00a0\u00bbcontent-padding-lg\u00a0\u00bb][vc_column][vc_single_image image=\u00a0\u00bb3126&Prime; img_size=\u00a0\u00bblarge\u00a0\u00bb alignment=\u00a0\u00bbcenter\u00a0\u00bb style=\u00a0\u00bbimg-frame-large\u00a0\u00bb css=\u00a0\u00bb\u00a0\u00bb][vc_empty_space el_id=\u00a0\u00bbballetfromstart\u00a0\u00bb][vc_separator][vc_column_text css=\u00a0\u00bb\u00a0\u00bb el_id=\u00a0\u00bblittlebalerinas\u00a0\u00bb] Ballet classique Le ballet est un type de danse, originaire de l\u2019Italie du XVe si\u00e8cle, qui a ensuite \u00e9volu\u00e9 vers sa forme sc\u00e9nique, principalement en France et en Russie. La nuance de ballet la plus connue et la plus populaire est celle qui s\u2019est d\u00e9velopp\u00e9e \u00e0 l\u2019\u00e9poque romantique (le soi-disant [&hellip;]\" \/>\n<meta property=\"og:url\" content=\"https:\/\/tothepointe.gr\/fr\/services\/ballet-classique\/\" \/>\n<meta property=\"og:site_name\" content=\"tothepointe.gr\" \/>\n<meta property=\"article:publisher\" content=\"https:\/\/www.facebook.com\/people\/To-The-Pointe\/61560969661010\/\" \/>\n<meta property=\"article:modified_time\" content=\"2025-05-25T20:32:19+00:00\" \/>\n<meta property=\"og:image\" content=\"https:\/\/tothepointe.gr\/wp-content\/uploads\/2024\/08\/ballerina-tutu-dress-with-copy-space.jpg\" \/>\n\t<meta property=\"og:image:width\" content=\"660\" \/>\n\t<meta property=\"og:image:height\" content=\"371\" \/>\n\t<meta property=\"og:image:type\" content=\"image\/jpeg\" \/>\n<meta name=\"twitter:card\" content=\"summary_large_image\" \/>\n<meta name=\"twitter:label1\" content=\"Dur\u00e9e de lecture estim\u00e9e\" \/>\n\t<meta name=\"twitter:data1\" content=\"3 minutes\" \/>\n<script type=\"application\/ld+json\" class=\"yoast-schema-graph\">{\"@context\":\"https:\\\/\\\/schema.org\",\"@graph\":[{\"@type\":\"WebPage\",\"@id\":\"https:\\\/\\\/tothepointe.gr\\\/fr\\\/services\\\/ballet-classique\\\/\",\"url\":\"https:\\\/\\\/tothepointe.gr\\\/fr\\\/services\\\/ballet-classique\\\/\",\"name\":\"Ballet classique - tothepointe.gr\",\"isPartOf\":{\"@id\":\"https:\\\/\\\/tothepointe.gr\\\/fr\\\/#website\"},\"datePublished\":\"2016-09-23T20:33:22+00:00\",\"dateModified\":\"2025-05-25T20:32:19+00:00\",\"breadcrumb\":{\"@id\":\"https:\\\/\\\/tothepointe.gr\\\/fr\\\/services\\\/ballet-classique\\\/#breadcrumb\"},\"inLanguage\":\"fr-FR\",\"potentialAction\":[{\"@type\":\"ReadAction\",\"target\":[\"https:\\\/\\\/tothepointe.gr\\\/fr\\\/services\\\/ballet-classique\\\/\"]}]},{\"@type\":\"BreadcrumbList\",\"@id\":\"https:\\\/\\\/tothepointe.gr\\\/fr\\\/services\\\/ballet-classique\\\/#breadcrumb\",\"itemListElement\":[{\"@type\":\"ListItem\",\"position\":1,\"name\":\"\u0391\u03c1\u03c7\u03b9\u03ba\u03ae\",\"item\":\"https:\\\/\\\/tothepointe.gr\\\/fr\\\/domicile\\\/\"},{\"@type\":\"ListItem\",\"position\":2,\"name\":\"Services\",\"item\":\"https:\\\/\\\/tothepointe.gr\\\/fr\\\/services\\\/\"},{\"@type\":\"ListItem\",\"position\":3,\"name\":\"Ballet classique\"}]},{\"@type\":\"WebSite\",\"@id\":\"https:\\\/\\\/tothepointe.gr\\\/fr\\\/#website\",\"url\":\"https:\\\/\\\/tothepointe.gr\\\/fr\\\/\",\"name\":\"tothepointe.gr - by \u039d\u03b9\u03ba\u03bf\u03bb\u03ad\u03c4\u03c4\u03b1 \u039a\u03b1\u03c1\u03bf\u03bb\u03af\u03b4\u03bf\u03c5\",\"description\":\"by \u039d\u03b9\u03ba\u03bf\u03bb\u03ad\u03c4\u03c4\u03b1 \u039a\u03b1\u03c1\u03bf\u03bb\u03af\u03b4\u03bf\u03c5\",\"publisher\":{\"@id\":\"https:\\\/\\\/tothepointe.gr\\\/fr\\\/#organization\"},\"potentialAction\":[{\"@type\":\"SearchAction\",\"target\":{\"@type\":\"EntryPoint\",\"urlTemplate\":\"https:\\\/\\\/tothepointe.gr\\\/fr\\\/?s={search_term_string}\"},\"query-input\":{\"@type\":\"PropertyValueSpecification\",\"valueRequired\":true,\"valueName\":\"search_term_string\"}}],\"inLanguage\":\"fr-FR\"},{\"@type\":\"Organization\",\"@id\":\"https:\\\/\\\/tothepointe.gr\\\/fr\\\/#organization\",\"name\":\"tothepointe.gr - by \u039d\u03b9\u03ba\u03bf\u03bb\u03ad\u03c4\u03c4\u03b1 \u039a\u03b1\u03c1\u03bf\u03bb\u03af\u03b4\u03bf\u03c5\",\"url\":\"https:\\\/\\\/tothepointe.gr\\\/fr\\\/\",\"logo\":{\"@type\":\"ImageObject\",\"inLanguage\":\"fr-FR\",\"@id\":\"https:\\\/\\\/tothepointe.gr\\\/fr\\\/#\\\/schema\\\/logo\\\/image\\\/\",\"url\":\"https:\\\/\\\/tothepointe.gr\\\/wp-content\\\/uploads\\\/2024\\\/08\\\/tothepointe_logo_1000x1000-01-ew1.jpg\",\"contentUrl\":\"https:\\\/\\\/tothepointe.gr\\\/wp-content\\\/uploads\\\/2024\\\/08\\\/tothepointe_logo_1000x1000-01-ew1.jpg\",\"width\":142,\"height\":100,\"caption\":\"tothepointe.gr - by \u039d\u03b9\u03ba\u03bf\u03bb\u03ad\u03c4\u03c4\u03b1 \u039a\u03b1\u03c1\u03bf\u03bb\u03af\u03b4\u03bf\u03c5\"},\"image\":{\"@id\":\"https:\\\/\\\/tothepointe.gr\\\/fr\\\/#\\\/schema\\\/logo\\\/image\\\/\"},\"sameAs\":[\"https:\\\/\\\/www.facebook.com\\\/people\\\/To-The-Pointe\\\/61560969661010\\\/\",\"https:\\\/\\\/www.instagram.com\\\/tothepointedanceschool\\\/?igsh=MTk2Zzk4ZnhtYXhuYg\"]}]}<\/script>\n<!-- \/ Yoast SEO plugin. -->","yoast_head_json":{"title":"Ballet classique - tothepointe.gr","robots":{"index":"index","follow":"follow","max-snippet":"max-snippet:-1","max-image-preview":"max-image-preview:large","max-video-preview":"max-video-preview:-1"},"canonical":"https:\/\/tothepointe.gr\/fr\/services\/ballet-classique\/","og_locale":"fr_FR","og_type":"article","og_title":"Ballet classique - tothepointe.gr","og_description":"[vc_row curly_padding=\u00a0\u00bbcontent-padding-lg\u00a0\u00bb][vc_column][vc_single_image image=\u00a0\u00bb3126&Prime; img_size=\u00a0\u00bblarge\u00a0\u00bb alignment=\u00a0\u00bbcenter\u00a0\u00bb style=\u00a0\u00bbimg-frame-large\u00a0\u00bb css=\u00a0\u00bb\u00a0\u00bb][vc_empty_space el_id=\u00a0\u00bbballetfromstart\u00a0\u00bb][vc_separator][vc_column_text css=\u00a0\u00bb\u00a0\u00bb el_id=\u00a0\u00bblittlebalerinas\u00a0\u00bb] Ballet classique Le ballet est un type de danse, originaire de l\u2019Italie du XVe si\u00e8cle, qui a ensuite \u00e9volu\u00e9 vers sa forme sc\u00e9nique, principalement en France et en Russie. La nuance de ballet la plus connue et la plus populaire est celle qui s\u2019est d\u00e9velopp\u00e9e \u00e0 l\u2019\u00e9poque romantique (le soi-disant [&hellip;]","og_url":"https:\/\/tothepointe.gr\/fr\/services\/ballet-classique\/","og_site_name":"tothepointe.gr","article_publisher":"https:\/\/www.facebook.com\/people\/To-The-Pointe\/61560969661010\/","article_modified_time":"2025-05-25T20:32:19+00:00","og_image":[{"url":"https:\/\/tothepointe.gr\/wp-content\/uploads\/2024\/08\/ballerina-tutu-dress-with-copy-space.jpg","width":660,"height":371,"type":"image\/jpeg"}],"twitter_card":"summary_large_image","twitter_misc":{"Dur\u00e9e de lecture estim\u00e9e":"3 minutes"},"schema":{"@context":"https:\/\/schema.org","@graph":[{"@type":"WebPage","@id":"https:\/\/tothepointe.gr\/fr\/services\/ballet-classique\/","url":"https:\/\/tothepointe.gr\/fr\/services\/ballet-classique\/","name":"Ballet classique - tothepointe.gr","isPartOf":{"@id":"https:\/\/tothepointe.gr\/fr\/#website"},"datePublished":"2016-09-23T20:33:22+00:00","dateModified":"2025-05-25T20:32:19+00:00","breadcrumb":{"@id":"https:\/\/tothepointe.gr\/fr\/services\/ballet-classique\/#breadcrumb"},"inLanguage":"fr-FR","potentialAction":[{"@type":"ReadAction","target":["https:\/\/tothepointe.gr\/fr\/services\/ballet-classique\/"]}]},{"@type":"BreadcrumbList","@id":"https:\/\/tothepointe.gr\/fr\/services\/ballet-classique\/#breadcrumb","itemListElement":[{"@type":"ListItem","position":1,"name":"\u0391\u03c1\u03c7\u03b9\u03ba\u03ae","item":"https:\/\/tothepointe.gr\/fr\/domicile\/"},{"@type":"ListItem","position":2,"name":"Services","item":"https:\/\/tothepointe.gr\/fr\/services\/"},{"@type":"ListItem","position":3,"name":"Ballet classique"}]},{"@type":"WebSite","@id":"https:\/\/tothepointe.gr\/fr\/#website","url":"https:\/\/tothepointe.gr\/fr\/","name":"tothepointe.gr - by \u039d\u03b9\u03ba\u03bf\u03bb\u03ad\u03c4\u03c4\u03b1 \u039a\u03b1\u03c1\u03bf\u03bb\u03af\u03b4\u03bf\u03c5","description":"by \u039d\u03b9\u03ba\u03bf\u03bb\u03ad\u03c4\u03c4\u03b1 \u039a\u03b1\u03c1\u03bf\u03bb\u03af\u03b4\u03bf\u03c5","publisher":{"@id":"https:\/\/tothepointe.gr\/fr\/#organization"},"potentialAction":[{"@type":"SearchAction","target":{"@type":"EntryPoint","urlTemplate":"https:\/\/tothepointe.gr\/fr\/?s={search_term_string}"},"query-input":{"@type":"PropertyValueSpecification","valueRequired":true,"valueName":"search_term_string"}}],"inLanguage":"fr-FR"},{"@type":"Organization","@id":"https:\/\/tothepointe.gr\/fr\/#organization","name":"tothepointe.gr - by \u039d\u03b9\u03ba\u03bf\u03bb\u03ad\u03c4\u03c4\u03b1 \u039a\u03b1\u03c1\u03bf\u03bb\u03af\u03b4\u03bf\u03c5","url":"https:\/\/tothepointe.gr\/fr\/","logo":{"@type":"ImageObject","inLanguage":"fr-FR","@id":"https:\/\/tothepointe.gr\/fr\/#\/schema\/logo\/image\/","url":"https:\/\/tothepointe.gr\/wp-content\/uploads\/2024\/08\/tothepointe_logo_1000x1000-01-ew1.jpg","contentUrl":"https:\/\/tothepointe.gr\/wp-content\/uploads\/2024\/08\/tothepointe_logo_1000x1000-01-ew1.jpg","width":142,"height":100,"caption":"tothepointe.gr - by \u039d\u03b9\u03ba\u03bf\u03bb\u03ad\u03c4\u03c4\u03b1 \u039a\u03b1\u03c1\u03bf\u03bb\u03af\u03b4\u03bf\u03c5"},"image":{"@id":"https:\/\/tothepointe.gr\/fr\/#\/schema\/logo\/image\/"},"sameAs":["https:\/\/www.facebook.com\/people\/To-The-Pointe\/61560969661010\/","https:\/\/www.instagram.com\/tothepointedanceschool\/?igsh=MTk2Zzk4ZnhtYXhuYg"]}]}},"_links":{"self":[{"href":"https:\/\/tothepointe.gr\/fr\/wp-json\/wp\/v2\/pages\/3107","targetHints":{"allow":["GET"]}}],"collection":[{"href":"https:\/\/tothepointe.gr\/fr\/wp-json\/wp\/v2\/pages"}],"about":[{"href":"https:\/\/tothepointe.gr\/fr\/wp-json\/wp\/v2\/types\/page"}],"author":[{"embeddable":true,"href":"https:\/\/tothepointe.gr\/fr\/wp-json\/wp\/v2\/users\/1"}],"replies":[{"embeddable":true,"href":"https:\/\/tothepointe.gr\/fr\/wp-json\/wp\/v2\/comments?post=3107"}],"version-history":[{"count":3,"href":"https:\/\/tothepointe.gr\/fr\/wp-json\/wp\/v2\/pages\/3107\/revisions"}],"predecessor-version":[{"id":3134,"href":"https:\/\/tothepointe.gr\/fr\/wp-json\/wp\/v2\/pages\/3107\/revisions\/3134"}],"up":[{"embeddable":true,"href":"https:\/\/tothepointe.gr\/fr\/wp-json\/wp\/v2\/pages\/3143"}],"wp:attachment":[{"href":"https:\/\/tothepointe.gr\/fr\/wp-json\/wp\/v2\/media?parent=3107"}],"curies":[{"name":"wp","href":"https:\/\/api.w.org\/{rel}","templated":true}]}}