{"id":3113,"date":"2016-11-10T11:42:34","date_gmt":"2016-11-10T11:42:34","guid":{"rendered":"https:\/\/tothepointe.gr\/domicile\/"},"modified":"2025-06-05T21:27:18","modified_gmt":"2025-06-05T21:27:18","slug":"domicile","status":"publish","type":"page","link":"https:\/\/tothepointe.gr\/fr\/","title":{"rendered":"Domicile"},"content":{"rendered":"<div class=\"wpb-content-wrapper\">[vc_row full_width=\u00a0\u00bbstretch_row\u00a0\u00bb content_placement=\u00a0\u00bbmiddle\u00a0\u00bb curly_padding=\u00a0\u00bbcontent-padding-lg\u00a0\u00bb curly_parallax_parent=\u00a0\u00bbtrue\u00a0\u00bb el_class=\u00a0\u00bbparallax-visible\u00a0\u00bb curly_section_title=\u00a0\u00bbInstructors\u00a0\u00bb][vc_column width=\u00a0\u00bb1\/2&Prime; offset=\u00a0\u00bbvc_col-lg-offset-1&Prime; curly_parallax_parent=\u00a0\u00bbtrue\u00a0\u00bb][vc_column_text css=\u00a0\u00bb\u00a0\u00bb]\n<h2 class=\"special-title\">D\u00e9couvrez l\u2019art de la danse ! Aimez votre corps !<br \/>\nInscrivez-vous \u00e0 notre \u00e9cole d\u00e8s aujourd\u2019hui&nbsp;!<\/h2>\n[\/vc_column_text][vc_empty_space height=\u00a0\u00bb2rem\u00a0\u00bb][vc_column_text css=\u00a0\u00bb\u00a0\u00bb]\n<div class=\"flex max-w-full flex-col flex-grow\">\n<div class=\"min-h-[20px] text-message flex w-full flex-col items-end gap-2 whitespace-pre-wrap break-words [.text-message+&amp;]:mt-5 overflow-x-auto\" dir=\"auto\" data-message-author-role=\"assistant\" data-message-id=\"fecc5153-a92f-486f-856a-f9c45e0ef2fb\">\n<div class=\"flex w-full flex-col gap-1 empty:hidden first:pt-[3px]\">\n<div class=\"markdown prose w-full break-words dark:prose-invert light\">\n<p>Commencez votre voyage enchanteur dans le monde de la danse classique et contemporaine depuis notre \u00e9cole et pr\u00e9parez-vous \u00e0 de nombreuses surprises&nbsp;! Avec des professeurs sp\u00e9cialis\u00e9s et des programmes destin\u00e9s \u00e0 tous les \u00e2ges et \u00e0 tous les niveaux, nous vous offrons la possibilit\u00e9 de d\u00e9velopper vos comp\u00e9tences en danse dans un environnement favorable et inspirant. <\/p>\n<\/div>\n<\/div>\n<\/div>\n<\/div>\n<div class=\"mt-1 flex gap-3 empty:hidden -ml-2\">\n<div class=\"items-center justify-start rounded-xl p-1 flex\">\n<div class=\"flex items-center\"><\/div>\n<\/div>\n<\/div>\n[\/vc_column_text][vc_column_text css=\u00a0\u00bb.vc_custom_1723309026102{padding-right: 4rem !important;}\u00a0\u00bb]Que vous soyez d\u00e9butant ou danseur confirm\u00e9, venez explorer la beaut\u00e9 et l\u2019expressivit\u00e9 de la danse. Inscrivez-vous maintenant et faites le premier pas vers la perfection ![\/vc_column_text][\/vc_column][vc_column width=\u00a0\u00bb1\/2&Prime; offset=\u00a0\u00bbvc_col-lg-5 vc_col-md-offset-0&Prime; curly_parallax_parent=\u00a0\u00bbtrue\u00a0\u00bb][vc_single_image image=\u00a0\u00bb3125&Prime; img_size=\u00a0\u00bblarge\u00a0\u00bb style=\u00a0\u00bbimg-frame-large\u00a0\u00bb css=\u00a0\u00bb\u00a0\u00bb][\/vc_column][\/vc_row][vc_row full_width=\u00a0\u00bbstretch_row\u00a0\u00bb content_placement=\u00a0\u00bbmiddle\u00a0\u00bb curly_bg_repeat=\u00a0\u00bbbg-no-repeat\u00a0\u00bb curly_bg_position=\u00a0\u00bbbg-pos-center-top\u00a0\u00bb curly_padding=\u00a0\u00bbcontent-padding-none\u00a0\u00bb curly_parallax_parent=\u00a0\u00bbtrue\u00a0\u00bb curly_section_title=\u00a0\u00bbDance Studio\u00a0\u00bb css=\u00a0\u00bb.vc_custom_1723184064932{background-image: url(https:\/\/tothepointe.gr\/wp-content\/uploads\/2024\/07\/42755.jpg?id=2211) !important;background-position: center !important;background-repeat: no-repeat !important;background-size: cover !important;}\u00a0\u00bb el_class=\u00a0\u00bbtest\u00a0\u00bb][vc_column width=\u00a0\u00bb1\/2&Prime; offset=\u00a0\u00bbvc_col-md-7 vc_col-xs-12&Prime; curly_parallax_parent=\u00a0\u00bb\u00a0\u00bb curly_parallax_offset=\u00a0\u00bb\u00a0\u00bb][\/vc_column][vc_column width=\u00a0\u00bb1\/2&Prime; curly_padding=\u00a0\u00bbcontent-padding-lg\u00a0\u00bb offset=\u00a0\u00bbvc_col-lg-5 vc_col-md-4 vc_col-xs-12&Prime; curly_parallax_parent=\u00a0\u00bbtrue\u00a0\u00bb][vc_column_text css=\u00a0\u00bb.vc_custom_1744057643073{padding-top: 4rem !important;padding-right: 4rem !important;padding-bottom: 4rem !important;padding-left: 4rem !important;background-color: #ffffff !important;}\u00a0\u00bb]\n<h2 class=\"special-title\"><strong>Explorez votre passion pour la danse&nbsp;! Boostez votre forme physique ! <\/strong><\/h2>\n<p>Que vous souhaitiez d\u00e9velopper vos comp\u00e9tences en danse ou renforcer votre condition physique, nos instructeurs exp\u00e9riment\u00e9s vous guideront avec soin et respect. <span data-olk-copy-source=\"MessageBody\">D\u00e9couvrons ce qui vous convient le mieux, \u00e0 vous ou \u00e0 votre enfant !<\/span>[\/vc_column_text][\/vc_column][\/vc_row][vc_row disable_element=\u00a0\u00bbyes\u00a0\u00bb css=\u00a0\u00bb.vc_custom_1724763390277{padding-bottom: 2rem !important;}\u00a0\u00bb el_id=\u00a0\u00bbvid\u00e9o\u00a0\u00bb][vc_column css=\u00a0\u00bb.vc_custom_1479246392512{margin-bottom: 0px !important;padding-bottom: 0px !important;}\u00a0\u00bb][vc_column_text css=\u00a0\u00bb.vc_custom_1479246571212{margin-bottom: 0px !important;}\u00a0\u00bb]\n<h2 class=\"special-title\" style=\"text-align: center;\"><strong>Galerie de vid\u00e9os<\/strong><\/h2>\n[\/vc_column_text][\/vc_column][\/vc_row][vc_row content_placement=\u00a0\u00bbbottom\u00a0\u00bb disable_element=\u00a0\u00bbyes\u00a0\u00bb css=\u00a0\u00bb.vc_custom_1724763534821{padding-top: 0px !important;padding-bottom: 14rem !important;}\u00a0\u00bb el_id=\u00a0\u00bbvideo_gallery\u00a0\u00bb][vc_column width=\u00a0\u00bb1\/3&Prime;][vc_video link=\u00a0\u00bbhttps:\/\/www.youtube.com\/watch?v=xjr4KlFGVpo\u00a0\u00bb css=\u00a0\u00bb.vc_custom_1479244152990{margin-bottom: 0px !important;}\u00a0\u00bb][\/vc_column][vc_column width=\u00a0\u00bb1\/3&Prime;][vc_video link=\u00a0\u00bbhttps:\/\/www.youtube.com\/watch?v=aYrBQQ-FSRI\u00a0\u00bb css=\u00a0\u00bb.vc_custom_1479238005023{margin-bottom: 0px !important;}\u00a0\u00bb][\/vc_column][vc_column width=\u00a0\u00bb1\/3&Prime;][vc_video link=\u00a0\u00bbhttps:\/\/www.youtube.com\/watch?v=EunyqqXlRTY\u00a0\u00bb css=\u00a0\u00bb.vc_custom_1479246691528{margin-bottom: 0px !important;}\u00a0\u00bb][\/vc_column][vc_column width=\u00a0\u00bb1\/3&Prime; offset=\u00a0\u00bbvc_col-sm-offset-2&Prime;][vc_video link=\u00a0\u00bbhttps:\/\/www.youtube.com\/watch?v=rUhlG_VC-A4&Prime; css=\u00a0\u00bb.vc_custom_1479246713815{margin-bottom: 0px !important;}\u00a0\u00bb][\/vc_column][vc_column width=\u00a0\u00bb1\/3&Prime;][vc_video link=\u00a0\u00bbhttps:\/\/www.youtube.com\/watch?v=6Zg4LZIj7cE\u00a0\u00bb css=\u00a0\u00bb.vc_custom_1479246732526{margin-bottom: 0px !important;}\u00a0\u00bb][\/vc_column][\/vc_row][vc_row full_width=\u00a0\u00bbstretch_row_content_no_spaces\u00a0\u00bb curly_padding=\u00a0\u00bbcontent-padding-none\u00a0\u00bb css=\u00a0\u00bb.vc_custom_1724763583840{margin-top: 50px !important;background-color: #656565 !important;}\u00a0\u00bb curly_parallax_parent=\u00a0\u00bbtrue\u00a0\u00bb el_class=\u00a0\u00bbparallax-visible\u00a0\u00bb curly_section_title=\u00a0\u00bbGallery\u00a0\u00bb curly_section_color=\u00a0\u00bbrgba(255,255,255,0.44)\u00a0\u00bb][vc_column css=\u00a0\u00bb.vc_custom_1470068083577{margin-top: -5.1875rem !important;}\u00a0\u00bb curly_parallax_parent=\u00a0\u00bbtrue\u00a0\u00bb][vc_empty_space height=\u00a0\u00bb8rem\u00a0\u00bb]<div class='xtd-carousel-filmstrip__container xtd-carousel-filmstrip--offset-  filtered-image  '><div class='xtd-carousel-filmstrip' data-speed='150000'>[vc_single_image image=\u00a0\u00bb2470&Prime; img_size=\u00a0\u00bblarge\u00a0\u00bb onclick=\u00a0\u00bblink_image\u00a0\u00bb css=\u00a0\u00bb\u00a0\u00bb el_class=\u00a0\u00bbtest\u00a0\u00bb][vc_single_image image=\u00a0\u00bb2476&Prime; img_size=\u00a0\u00bblarge\u00a0\u00bb onclick=\u00a0\u00bblink_image\u00a0\u00bb css=\u00a0\u00bb\u00a0\u00bb][vc_single_image image=\u00a0\u00bb2474&Prime; img_size=\u00a0\u00bblarge\u00a0\u00bb onclick=\u00a0\u00bblink_image\u00a0\u00bb css=\u00a0\u00bb\u00a0\u00bb][vc_single_image image=\u00a0\u00bb2467&Prime; img_size=\u00a0\u00bblarge\u00a0\u00bb css=\u00a0\u00bb\u00a0\u00bb][vc_single_image image=\u00a0\u00bb2469&Prime; img_size=\u00a0\u00bblarge\u00a0\u00bb css=\u00a0\u00bb\u00a0\u00bb][vc_single_image image=\u00a0\u00bb2475&Prime; img_size=\u00a0\u00bblarge\u00a0\u00bb onclick=\u00a0\u00bblink_image\u00a0\u00bb css=\u00a0\u00bb\u00a0\u00bb][vc_single_image image=\u00a0\u00bb2464&Prime; img_size=\u00a0\u00bblarge\u00a0\u00bb css=\u00a0\u00bb\u00a0\u00bb][vc_single_image image=\u00a0\u00bb2464&Prime; img_size=\u00a0\u00bblarge\u00a0\u00bb onclick=\u00a0\u00bblink_image\u00a0\u00bb css=\u00a0\u00bb\u00a0\u00bb]<\/div><\/div>[vc_empty_space height=\u00a0\u00bb8rem\u00a0\u00bb][\/vc_column][\/vc_row]\n<\/div>","protected":false},"excerpt":{"rendered":"<p>[vc_row full_width=\u00a0\u00bbstretch_row\u00a0\u00bb content_placement=\u00a0\u00bbmiddle\u00a0\u00bb curly_padding=\u00a0\u00bbcontent-padding-lg\u00a0\u00bb curly_parallax_parent=\u00a0\u00bbtrue\u00a0\u00bb el_class=\u00a0\u00bbparallax-visible\u00a0\u00bb curly_section_title=\u00a0\u00bbInstructors\u00a0\u00bb][vc_column width=\u00a0\u00bb1\/2&Prime; offset=\u00a0\u00bbvc_col-lg-offset-1&Prime; curly_parallax_parent=\u00a0\u00bbtrue\u00a0\u00bb][vc_column_text css=\u00a0\u00bb\u00a0\u00bb] D\u00e9couvrez l\u2019art de la danse ! Aimez votre corps ! Inscrivez-vous \u00e0 notre \u00e9cole d\u00e8s aujourd\u2019hui&nbsp;! [\/vc_column_text][vc_empty_space height=\u00a0\u00bb2rem\u00a0\u00bb][vc_column_text css=\u00a0\u00bb\u00a0\u00bb] Commencez votre voyage enchanteur dans le monde de la danse classique et contemporaine depuis notre \u00e9cole et pr\u00e9parez-vous \u00e0 de nombreuses surprises&nbsp;! Avec des professeurs sp\u00e9cialis\u00e9s et des programmes destin\u00e9s [&hellip;]<\/p>\n","protected":false},"author":1,"featured_media":0,"parent":0,"menu_order":0,"comment_status":"closed","ping_status":"closed","template":"","meta":{"footnotes":""},"class_list":["post-3113","page","type-page","status-publish","hentry"],"yoast_head":"<!-- This site is optimized with the Yoast SEO plugin v27.4 - https:\/\/yoast.com\/product\/yoast-seo-wordpress\/ -->\n<title>Vers la Pointe | par Nikoletta Karolidou<\/title>\n<meta name=\"description\" content=\"Commencez votre voyage enchanteur dans le monde de la danse classique \u00e0 notre \u00e9cole de ballet\u00a0!\" \/>\n<meta name=\"robots\" content=\"index, follow, max-snippet:-1, max-image-preview:large, max-video-preview:-1\" \/>\n<link rel=\"canonical\" href=\"https:\/\/tothepointe.gr\/fr\/\" \/>\n<meta property=\"og:locale\" content=\"fr_FR\" \/>\n<meta property=\"og:type\" content=\"article\" \/>\n<meta property=\"og:title\" content=\"Vers la Pointe | par Nikoletta Karolidou\" \/>\n<meta property=\"og:description\" content=\"Commencez votre voyage enchanteur dans le monde de la danse classique \u00e0 notre \u00e9cole de ballet\u00a0!\" \/>\n<meta property=\"og:url\" content=\"https:\/\/tothepointe.gr\/fr\/\" \/>\n<meta property=\"og:site_name\" content=\"tothepointe.gr\" \/>\n<meta property=\"article:publisher\" content=\"https:\/\/www.facebook.com\/people\/To-The-Pointe\/61560969661010\/\" \/>\n<meta property=\"article:modified_time\" content=\"2025-06-05T21:27:18+00:00\" \/>\n<meta property=\"og:image\" content=\"https:\/\/tothepointe.gr\/wp-content\/uploads\/2024\/08\/ballerina-tutu-dress-with-copy-space.jpg\" \/>\n<meta name=\"twitter:card\" content=\"summary_large_image\" \/>\n<meta name=\"twitter:label1\" content=\"Dur\u00e9e de lecture estim\u00e9e\" \/>\n\t<meta name=\"twitter:data1\" content=\"3 minutes\" \/>\n<script type=\"application\/ld+json\" class=\"yoast-schema-graph\">{\"@context\":\"https:\\\/\\\/schema.org\",\"@graph\":[{\"@type\":\"WebPage\",\"@id\":\"https:\\\/\\\/tothepointe.gr\\\/fr\\\/\",\"url\":\"https:\\\/\\\/tothepointe.gr\\\/fr\\\/\",\"name\":\"Vers la Pointe | par Nikoletta Karolidou\",\"isPartOf\":{\"@id\":\"https:\\\/\\\/tothepointe.gr\\\/fr\\\/#website\"},\"datePublished\":\"2016-11-10T11:42:34+00:00\",\"dateModified\":\"2025-06-05T21:27:18+00:00\",\"description\":\"Commencez votre voyage enchanteur dans le monde de la danse classique \u00e0 notre \u00e9cole de ballet\u00a0!\",\"breadcrumb\":{\"@id\":\"https:\\\/\\\/tothepointe.gr\\\/fr\\\/#breadcrumb\"},\"inLanguage\":\"fr-FR\",\"potentialAction\":[{\"@type\":\"ReadAction\",\"target\":[\"https:\\\/\\\/tothepointe.gr\\\/fr\\\/\"]}]},{\"@type\":\"BreadcrumbList\",\"@id\":\"https:\\\/\\\/tothepointe.gr\\\/fr\\\/#breadcrumb\",\"itemListElement\":[{\"@type\":\"ListItem\",\"position\":1,\"name\":\"\u0391\u03c1\u03c7\u03b9\u03ba\u03ae\",\"item\":\"https:\\\/\\\/tothepointe.gr\\\/fr\\\/domicile\\\/\"},{\"@type\":\"ListItem\",\"position\":2,\"name\":\"Domicile\"}]},{\"@type\":\"WebSite\",\"@id\":\"https:\\\/\\\/tothepointe.gr\\\/fr\\\/#website\",\"url\":\"https:\\\/\\\/tothepointe.gr\\\/fr\\\/\",\"name\":\"tothepointe.gr - by \u039d\u03b9\u03ba\u03bf\u03bb\u03ad\u03c4\u03c4\u03b1 \u039a\u03b1\u03c1\u03bf\u03bb\u03af\u03b4\u03bf\u03c5\",\"description\":\"by \u039d\u03b9\u03ba\u03bf\u03bb\u03ad\u03c4\u03c4\u03b1 \u039a\u03b1\u03c1\u03bf\u03bb\u03af\u03b4\u03bf\u03c5\",\"publisher\":{\"@id\":\"https:\\\/\\\/tothepointe.gr\\\/fr\\\/#organization\"},\"potentialAction\":[{\"@type\":\"SearchAction\",\"target\":{\"@type\":\"EntryPoint\",\"urlTemplate\":\"https:\\\/\\\/tothepointe.gr\\\/fr\\\/?s={search_term_string}\"},\"query-input\":{\"@type\":\"PropertyValueSpecification\",\"valueRequired\":true,\"valueName\":\"search_term_string\"}}],\"inLanguage\":\"fr-FR\"},{\"@type\":\"Organization\",\"@id\":\"https:\\\/\\\/tothepointe.gr\\\/fr\\\/#organization\",\"name\":\"tothepointe.gr - by \u039d\u03b9\u03ba\u03bf\u03bb\u03ad\u03c4\u03c4\u03b1 \u039a\u03b1\u03c1\u03bf\u03bb\u03af\u03b4\u03bf\u03c5\",\"url\":\"https:\\\/\\\/tothepointe.gr\\\/fr\\\/\",\"logo\":{\"@type\":\"ImageObject\",\"inLanguage\":\"fr-FR\",\"@id\":\"https:\\\/\\\/tothepointe.gr\\\/fr\\\/#\\\/schema\\\/logo\\\/image\\\/\",\"url\":\"https:\\\/\\\/tothepointe.gr\\\/wp-content\\\/uploads\\\/2024\\\/08\\\/tothepointe_logo_1000x1000-01-ew1.jpg\",\"contentUrl\":\"https:\\\/\\\/tothepointe.gr\\\/wp-content\\\/uploads\\\/2024\\\/08\\\/tothepointe_logo_1000x1000-01-ew1.jpg\",\"width\":142,\"height\":100,\"caption\":\"tothepointe.gr - by \u039d\u03b9\u03ba\u03bf\u03bb\u03ad\u03c4\u03c4\u03b1 \u039a\u03b1\u03c1\u03bf\u03bb\u03af\u03b4\u03bf\u03c5\"},\"image\":{\"@id\":\"https:\\\/\\\/tothepointe.gr\\\/fr\\\/#\\\/schema\\\/logo\\\/image\\\/\"},\"sameAs\":[\"https:\\\/\\\/www.facebook.com\\\/people\\\/To-The-Pointe\\\/61560969661010\\\/\",\"https:\\\/\\\/www.instagram.com\\\/tothepointedanceschool\\\/?igsh=MTk2Zzk4ZnhtYXhuYg\"]}]}<\/script>\n<!-- \/ Yoast SEO plugin. -->","yoast_head_json":{"title":"Vers la Pointe | par Nikoletta Karolidou","description":"Commencez votre voyage enchanteur dans le monde de la danse classique \u00e0 notre \u00e9cole de ballet\u00a0!","robots":{"index":"index","follow":"follow","max-snippet":"max-snippet:-1","max-image-preview":"max-image-preview:large","max-video-preview":"max-video-preview:-1"},"canonical":"https:\/\/tothepointe.gr\/fr\/","og_locale":"fr_FR","og_type":"article","og_title":"Vers la Pointe | par Nikoletta Karolidou","og_description":"Commencez votre voyage enchanteur dans le monde de la danse classique \u00e0 notre \u00e9cole de ballet\u00a0!","og_url":"https:\/\/tothepointe.gr\/fr\/","og_site_name":"tothepointe.gr","article_publisher":"https:\/\/www.facebook.com\/people\/To-The-Pointe\/61560969661010\/","article_modified_time":"2025-06-05T21:27:18+00:00","og_image":[{"url":"https:\/\/tothepointe.gr\/wp-content\/uploads\/2024\/08\/ballerina-tutu-dress-with-copy-space.jpg","type":"","width":"","height":""}],"twitter_card":"summary_large_image","twitter_misc":{"Dur\u00e9e de lecture estim\u00e9e":"3 minutes"},"schema":{"@context":"https:\/\/schema.org","@graph":[{"@type":"WebPage","@id":"https:\/\/tothepointe.gr\/fr\/","url":"https:\/\/tothepointe.gr\/fr\/","name":"Vers la Pointe | par Nikoletta Karolidou","isPartOf":{"@id":"https:\/\/tothepointe.gr\/fr\/#website"},"datePublished":"2016-11-10T11:42:34+00:00","dateModified":"2025-06-05T21:27:18+00:00","description":"Commencez votre voyage enchanteur dans le monde de la danse classique \u00e0 notre \u00e9cole de ballet\u00a0!","breadcrumb":{"@id":"https:\/\/tothepointe.gr\/fr\/#breadcrumb"},"inLanguage":"fr-FR","potentialAction":[{"@type":"ReadAction","target":["https:\/\/tothepointe.gr\/fr\/"]}]},{"@type":"BreadcrumbList","@id":"https:\/\/tothepointe.gr\/fr\/#breadcrumb","itemListElement":[{"@type":"ListItem","position":1,"name":"\u0391\u03c1\u03c7\u03b9\u03ba\u03ae","item":"https:\/\/tothepointe.gr\/fr\/domicile\/"},{"@type":"ListItem","position":2,"name":"Domicile"}]},{"@type":"WebSite","@id":"https:\/\/tothepointe.gr\/fr\/#website","url":"https:\/\/tothepointe.gr\/fr\/","name":"tothepointe.gr - by \u039d\u03b9\u03ba\u03bf\u03bb\u03ad\u03c4\u03c4\u03b1 \u039a\u03b1\u03c1\u03bf\u03bb\u03af\u03b4\u03bf\u03c5","description":"by \u039d\u03b9\u03ba\u03bf\u03bb\u03ad\u03c4\u03c4\u03b1 \u039a\u03b1\u03c1\u03bf\u03bb\u03af\u03b4\u03bf\u03c5","publisher":{"@id":"https:\/\/tothepointe.gr\/fr\/#organization"},"potentialAction":[{"@type":"SearchAction","target":{"@type":"EntryPoint","urlTemplate":"https:\/\/tothepointe.gr\/fr\/?s={search_term_string}"},"query-input":{"@type":"PropertyValueSpecification","valueRequired":true,"valueName":"search_term_string"}}],"inLanguage":"fr-FR"},{"@type":"Organization","@id":"https:\/\/tothepointe.gr\/fr\/#organization","name":"tothepointe.gr - by \u039d\u03b9\u03ba\u03bf\u03bb\u03ad\u03c4\u03c4\u03b1 \u039a\u03b1\u03c1\u03bf\u03bb\u03af\u03b4\u03bf\u03c5","url":"https:\/\/tothepointe.gr\/fr\/","logo":{"@type":"ImageObject","inLanguage":"fr-FR","@id":"https:\/\/tothepointe.gr\/fr\/#\/schema\/logo\/image\/","url":"https:\/\/tothepointe.gr\/wp-content\/uploads\/2024\/08\/tothepointe_logo_1000x1000-01-ew1.jpg","contentUrl":"https:\/\/tothepointe.gr\/wp-content\/uploads\/2024\/08\/tothepointe_logo_1000x1000-01-ew1.jpg","width":142,"height":100,"caption":"tothepointe.gr - by \u039d\u03b9\u03ba\u03bf\u03bb\u03ad\u03c4\u03c4\u03b1 \u039a\u03b1\u03c1\u03bf\u03bb\u03af\u03b4\u03bf\u03c5"},"image":{"@id":"https:\/\/tothepointe.gr\/fr\/#\/schema\/logo\/image\/"},"sameAs":["https:\/\/www.facebook.com\/people\/To-The-Pointe\/61560969661010\/","https:\/\/www.instagram.com\/tothepointedanceschool\/?igsh=MTk2Zzk4ZnhtYXhuYg"]}]}},"_links":{"self":[{"href":"https:\/\/tothepointe.gr\/fr\/wp-json\/wp\/v2\/pages\/3113","targetHints":{"allow":["GET"]}}],"collection":[{"href":"https:\/\/tothepointe.gr\/fr\/wp-json\/wp\/v2\/pages"}],"about":[{"href":"https:\/\/tothepointe.gr\/fr\/wp-json\/wp\/v2\/types\/page"}],"author":[{"embeddable":true,"href":"https:\/\/tothepointe.gr\/fr\/wp-json\/wp\/v2\/users\/1"}],"replies":[{"embeddable":true,"href":"https:\/\/tothepointe.gr\/fr\/wp-json\/wp\/v2\/comments?post=3113"}],"version-history":[{"count":6,"href":"https:\/\/tothepointe.gr\/fr\/wp-json\/wp\/v2\/pages\/3113\/revisions"}],"predecessor-version":[{"id":3252,"href":"https:\/\/tothepointe.gr\/fr\/wp-json\/wp\/v2\/pages\/3113\/revisions\/3252"}],"wp:attachment":[{"href":"https:\/\/tothepointe.gr\/fr\/wp-json\/wp\/v2\/media?parent=3113"}],"curies":[{"name":"wp","href":"https:\/\/api.w.org\/{rel}","templated":true}]}}