{"id":3140,"date":"2024-08-08T13:14:53","date_gmt":"2024-08-08T13:14:53","guid":{"rendered":"https:\/\/tothepointe.gr\/danse-gymnastique\/"},"modified":"2025-08-25T13:36:00","modified_gmt":"2025-08-25T13:36:00","slug":"danse-gymnastique","status":"publish","type":"page","link":"https:\/\/tothepointe.gr\/fr\/services\/danse-gymnastique\/","title":{"rendered":"Danse Gymnastique"},"content":{"rendered":"<div class=\"wpb-content-wrapper\">[vc_row curly_padding=\u00a0\u00bbcontent-padding-lg\u00a0\u00bb][vc_column][vc_single_image image=\u00a0\u00bb2473&Prime; img_size=\u00a0\u00bblarge\u00a0\u00bb alignment=\u00a0\u00bbcenter\u00a0\u00bb style=\u00a0\u00bbimg-frame-large\u00a0\u00bb css=\u00a0\u00bb\u00a0\u00bb][vc_empty_space][vc_separator][vc_column_text css=\u00a0\u00bb\u00a0\u00bb]\n<h3>Danse Gymnastique<\/h3>\n<p>Dans notre \u00e9cole, il y a les cours suivants pour que vous puissiez vous entra\u00eener tout en dansant&nbsp;:<\/p>\n<h3>Zumba<\/h3>\n<p>La Zumba est un programme de remise en forme qui comprend beaucoup de danse ! Inspir\u00e9 de l\u2019Am\u00e9rique latine, le programme vient nous r\u00e9veiller en dansant sur de la musique que nous aimons. Parfait pour transpirer et s\u2019amuser jusqu\u2019\u00e0 la chute finale ! Gr\u00e2ce au sourire, nous br\u00fblons les graisses et chassons les toxines ainsi que le stress !   <\/p>\n<p>&nbsp;<\/p>\n<h3>Mouvement de danse<\/h3>\n<p>Le mouvement de danse est une combinaison sp\u00e9ciale d \u00ab \u00e9l\u00e9ments de danse tels que le flux d \u00bb \u00e9nergie, l \u00ab \u00e9quilibre, l\u2019expression dynamique, ainsi que des \u00e9l\u00e9ments de pilates et de yoga pour une posture et une force appropri\u00e9es sans forcer les muscles. Les \u00e9tirements aident \u00e0 la bonne condition physique, \u00e0 l \u00bb \u00e9lasticit\u00e9 et au contr\u00f4le du corps, ainsi qu\u2019au bien-\u00eatre et \u00e0 la lutte contre le stress et les tensions de la vie quotidienne. Il incorpore des \u00e9l\u00e9ments de danse classique et contemporaine, afin d\u2019exercer tout le corps de mani\u00e8re uniforme, et s\u2019adresse \u00e0 tous ceux qui recherchent une mani\u00e8re diff\u00e9rente d\u2019exercer et de contr\u00f4ler le corps.  <\/p>\n<p>&nbsp;<\/p>\n<h3>Danse Fitness<\/h3>\n<p>Vous aimez danser mais vous avez envie de plus de libert\u00e9 ? Vous voulez vous entra\u00eener de mani\u00e8re plus libre et plus amusante. Un cours de gymnastique de danse qui allie plaisir et exercice sans avoir d\u2019exigences. Nous \u00e9chaufferons notre corps de la mani\u00e8re la plus simple, nous nous entra\u00eenerons en toute s\u00e9curit\u00e9 et nous danserons librement sans qu\u2019il y ait de bonne ou de mauvaise fa\u00e7on. Un cours destin\u00e9 aux adultes de 18 \u00e0 88 ans ![\/vc_column_text][vc_separator][vc_empty_space][vc_separator][\/vc_column][\/vc_row]\n<\/div>","protected":false},"excerpt":{"rendered":"<p>[vc_row curly_padding=\u00a0\u00bbcontent-padding-lg\u00a0\u00bb][vc_column][vc_single_image image=\u00a0\u00bb2473&Prime; img_size=\u00a0\u00bblarge\u00a0\u00bb alignment=\u00a0\u00bbcenter\u00a0\u00bb style=\u00a0\u00bbimg-frame-large\u00a0\u00bb css=\u00a0\u00bb\u00a0\u00bb][vc_empty_space][vc_separator][vc_column_text css=\u00a0\u00bb\u00a0\u00bb] Danse Gymnastique Dans notre \u00e9cole, il y a les cours suivants pour que vous puissiez vous entra\u00eener tout en dansant&nbsp;: Zumba La Zumba est un programme de remise en forme qui comprend beaucoup de danse ! Inspir\u00e9 de l\u2019Am\u00e9rique latine, le programme vient nous r\u00e9veiller en dansant sur de la musique que [&hellip;]<\/p>\n","protected":false},"author":1,"featured_media":0,"parent":3143,"menu_order":0,"comment_status":"closed","ping_status":"closed","template":"","meta":{"footnotes":""},"class_list":["post-3140","page","type-page","status-publish","hentry"],"yoast_head":"<!-- This site is optimized with the Yoast SEO plugin v27.4 - https:\/\/yoast.com\/product\/yoast-seo-wordpress\/ -->\n<title>Danse Gymnastique - tothepointe.gr<\/title>\n<meta name=\"robots\" content=\"index, follow, max-snippet:-1, max-image-preview:large, max-video-preview:-1\" \/>\n<link rel=\"canonical\" href=\"https:\/\/tothepointe.gr\/fr\/services\/danse-gymnastique\/\" \/>\n<meta property=\"og:locale\" content=\"fr_FR\" \/>\n<meta property=\"og:type\" content=\"article\" \/>\n<meta property=\"og:title\" content=\"Danse Gymnastique - tothepointe.gr\" \/>\n<meta property=\"og:description\" content=\"[vc_row curly_padding=\u00a0\u00bbcontent-padding-lg\u00a0\u00bb][vc_column][vc_single_image image=\u00a0\u00bb2473&Prime; img_size=\u00a0\u00bblarge\u00a0\u00bb alignment=\u00a0\u00bbcenter\u00a0\u00bb style=\u00a0\u00bbimg-frame-large\u00a0\u00bb css=\u00a0\u00bb\u00a0\u00bb][vc_empty_space][vc_separator][vc_column_text css=\u00a0\u00bb\u00a0\u00bb] Danse Gymnastique Dans notre \u00e9cole, il y a les cours suivants pour que vous puissiez vous entra\u00eener tout en dansant&nbsp;: Zumba La Zumba est un programme de remise en forme qui comprend beaucoup de danse ! Inspir\u00e9 de l\u2019Am\u00e9rique latine, le programme vient nous r\u00e9veiller en dansant sur de la musique que [&hellip;]\" \/>\n<meta property=\"og:url\" content=\"https:\/\/tothepointe.gr\/fr\/services\/danse-gymnastique\/\" \/>\n<meta property=\"og:site_name\" content=\"tothepointe.gr\" \/>\n<meta property=\"article:publisher\" content=\"https:\/\/www.facebook.com\/people\/To-The-Pointe\/61560969661010\/\" \/>\n<meta property=\"article:modified_time\" content=\"2025-08-25T13:36:00+00:00\" \/>\n<meta property=\"og:image\" content=\"https:\/\/tothepointe.gr\/wp-content\/uploads\/2024\/08\/ballerina-tutu-dress-with-copy-space.jpg\" \/>\n\t<meta property=\"og:image:width\" content=\"660\" \/>\n\t<meta property=\"og:image:height\" content=\"371\" \/>\n\t<meta property=\"og:image:type\" content=\"image\/jpeg\" \/>\n<meta name=\"twitter:card\" content=\"summary_large_image\" \/>\n<meta name=\"twitter:label1\" content=\"Dur\u00e9e de lecture estim\u00e9e\" \/>\n\t<meta name=\"twitter:data1\" content=\"2 minutes\" \/>\n<script type=\"application\/ld+json\" class=\"yoast-schema-graph\">{\"@context\":\"https:\\\/\\\/schema.org\",\"@graph\":[{\"@type\":\"WebPage\",\"@id\":\"https:\\\/\\\/tothepointe.gr\\\/fr\\\/services\\\/danse-gymnastique\\\/\",\"url\":\"https:\\\/\\\/tothepointe.gr\\\/fr\\\/services\\\/danse-gymnastique\\\/\",\"name\":\"Danse Gymnastique - tothepointe.gr\",\"isPartOf\":{\"@id\":\"https:\\\/\\\/tothepointe.gr\\\/fr\\\/#website\"},\"datePublished\":\"2024-08-08T13:14:53+00:00\",\"dateModified\":\"2025-08-25T13:36:00+00:00\",\"breadcrumb\":{\"@id\":\"https:\\\/\\\/tothepointe.gr\\\/fr\\\/services\\\/danse-gymnastique\\\/#breadcrumb\"},\"inLanguage\":\"fr-FR\",\"potentialAction\":[{\"@type\":\"ReadAction\",\"target\":[\"https:\\\/\\\/tothepointe.gr\\\/fr\\\/services\\\/danse-gymnastique\\\/\"]}]},{\"@type\":\"BreadcrumbList\",\"@id\":\"https:\\\/\\\/tothepointe.gr\\\/fr\\\/services\\\/danse-gymnastique\\\/#breadcrumb\",\"itemListElement\":[{\"@type\":\"ListItem\",\"position\":1,\"name\":\"\u0391\u03c1\u03c7\u03b9\u03ba\u03ae\",\"item\":\"https:\\\/\\\/tothepointe.gr\\\/fr\\\/domicile\\\/\"},{\"@type\":\"ListItem\",\"position\":2,\"name\":\"Services\",\"item\":\"https:\\\/\\\/tothepointe.gr\\\/fr\\\/services\\\/\"},{\"@type\":\"ListItem\",\"position\":3,\"name\":\"Danse Gymnastique\"}]},{\"@type\":\"WebSite\",\"@id\":\"https:\\\/\\\/tothepointe.gr\\\/fr\\\/#website\",\"url\":\"https:\\\/\\\/tothepointe.gr\\\/fr\\\/\",\"name\":\"tothepointe.gr - by \u039d\u03b9\u03ba\u03bf\u03bb\u03ad\u03c4\u03c4\u03b1 \u039a\u03b1\u03c1\u03bf\u03bb\u03af\u03b4\u03bf\u03c5\",\"description\":\"by \u039d\u03b9\u03ba\u03bf\u03bb\u03ad\u03c4\u03c4\u03b1 \u039a\u03b1\u03c1\u03bf\u03bb\u03af\u03b4\u03bf\u03c5\",\"publisher\":{\"@id\":\"https:\\\/\\\/tothepointe.gr\\\/fr\\\/#organization\"},\"potentialAction\":[{\"@type\":\"SearchAction\",\"target\":{\"@type\":\"EntryPoint\",\"urlTemplate\":\"https:\\\/\\\/tothepointe.gr\\\/fr\\\/?s={search_term_string}\"},\"query-input\":{\"@type\":\"PropertyValueSpecification\",\"valueRequired\":true,\"valueName\":\"search_term_string\"}}],\"inLanguage\":\"fr-FR\"},{\"@type\":\"Organization\",\"@id\":\"https:\\\/\\\/tothepointe.gr\\\/fr\\\/#organization\",\"name\":\"tothepointe.gr - by \u039d\u03b9\u03ba\u03bf\u03bb\u03ad\u03c4\u03c4\u03b1 \u039a\u03b1\u03c1\u03bf\u03bb\u03af\u03b4\u03bf\u03c5\",\"url\":\"https:\\\/\\\/tothepointe.gr\\\/fr\\\/\",\"logo\":{\"@type\":\"ImageObject\",\"inLanguage\":\"fr-FR\",\"@id\":\"https:\\\/\\\/tothepointe.gr\\\/fr\\\/#\\\/schema\\\/logo\\\/image\\\/\",\"url\":\"https:\\\/\\\/tothepointe.gr\\\/wp-content\\\/uploads\\\/2024\\\/08\\\/tothepointe_logo_1000x1000-01-ew1.jpg\",\"contentUrl\":\"https:\\\/\\\/tothepointe.gr\\\/wp-content\\\/uploads\\\/2024\\\/08\\\/tothepointe_logo_1000x1000-01-ew1.jpg\",\"width\":142,\"height\":100,\"caption\":\"tothepointe.gr - by \u039d\u03b9\u03ba\u03bf\u03bb\u03ad\u03c4\u03c4\u03b1 \u039a\u03b1\u03c1\u03bf\u03bb\u03af\u03b4\u03bf\u03c5\"},\"image\":{\"@id\":\"https:\\\/\\\/tothepointe.gr\\\/fr\\\/#\\\/schema\\\/logo\\\/image\\\/\"},\"sameAs\":[\"https:\\\/\\\/www.facebook.com\\\/people\\\/To-The-Pointe\\\/61560969661010\\\/\",\"https:\\\/\\\/www.instagram.com\\\/tothepointedanceschool\\\/?igsh=MTk2Zzk4ZnhtYXhuYg\"]}]}<\/script>\n<!-- \/ Yoast SEO plugin. -->","yoast_head_json":{"title":"Danse Gymnastique - tothepointe.gr","robots":{"index":"index","follow":"follow","max-snippet":"max-snippet:-1","max-image-preview":"max-image-preview:large","max-video-preview":"max-video-preview:-1"},"canonical":"https:\/\/tothepointe.gr\/fr\/services\/danse-gymnastique\/","og_locale":"fr_FR","og_type":"article","og_title":"Danse Gymnastique - tothepointe.gr","og_description":"[vc_row curly_padding=\u00a0\u00bbcontent-padding-lg\u00a0\u00bb][vc_column][vc_single_image image=\u00a0\u00bb2473&Prime; img_size=\u00a0\u00bblarge\u00a0\u00bb alignment=\u00a0\u00bbcenter\u00a0\u00bb style=\u00a0\u00bbimg-frame-large\u00a0\u00bb css=\u00a0\u00bb\u00a0\u00bb][vc_empty_space][vc_separator][vc_column_text css=\u00a0\u00bb\u00a0\u00bb] Danse Gymnastique Dans notre \u00e9cole, il y a les cours suivants pour que vous puissiez vous entra\u00eener tout en dansant&nbsp;: Zumba La Zumba est un programme de remise en forme qui comprend beaucoup de danse ! Inspir\u00e9 de l\u2019Am\u00e9rique latine, le programme vient nous r\u00e9veiller en dansant sur de la musique que [&hellip;]","og_url":"https:\/\/tothepointe.gr\/fr\/services\/danse-gymnastique\/","og_site_name":"tothepointe.gr","article_publisher":"https:\/\/www.facebook.com\/people\/To-The-Pointe\/61560969661010\/","article_modified_time":"2025-08-25T13:36:00+00:00","og_image":[{"url":"https:\/\/tothepointe.gr\/wp-content\/uploads\/2024\/08\/ballerina-tutu-dress-with-copy-space.jpg","width":660,"height":371,"type":"image\/jpeg"}],"twitter_card":"summary_large_image","twitter_misc":{"Dur\u00e9e de lecture estim\u00e9e":"2 minutes"},"schema":{"@context":"https:\/\/schema.org","@graph":[{"@type":"WebPage","@id":"https:\/\/tothepointe.gr\/fr\/services\/danse-gymnastique\/","url":"https:\/\/tothepointe.gr\/fr\/services\/danse-gymnastique\/","name":"Danse Gymnastique - tothepointe.gr","isPartOf":{"@id":"https:\/\/tothepointe.gr\/fr\/#website"},"datePublished":"2024-08-08T13:14:53+00:00","dateModified":"2025-08-25T13:36:00+00:00","breadcrumb":{"@id":"https:\/\/tothepointe.gr\/fr\/services\/danse-gymnastique\/#breadcrumb"},"inLanguage":"fr-FR","potentialAction":[{"@type":"ReadAction","target":["https:\/\/tothepointe.gr\/fr\/services\/danse-gymnastique\/"]}]},{"@type":"BreadcrumbList","@id":"https:\/\/tothepointe.gr\/fr\/services\/danse-gymnastique\/#breadcrumb","itemListElement":[{"@type":"ListItem","position":1,"name":"\u0391\u03c1\u03c7\u03b9\u03ba\u03ae","item":"https:\/\/tothepointe.gr\/fr\/domicile\/"},{"@type":"ListItem","position":2,"name":"Services","item":"https:\/\/tothepointe.gr\/fr\/services\/"},{"@type":"ListItem","position":3,"name":"Danse Gymnastique"}]},{"@type":"WebSite","@id":"https:\/\/tothepointe.gr\/fr\/#website","url":"https:\/\/tothepointe.gr\/fr\/","name":"tothepointe.gr - by \u039d\u03b9\u03ba\u03bf\u03bb\u03ad\u03c4\u03c4\u03b1 \u039a\u03b1\u03c1\u03bf\u03bb\u03af\u03b4\u03bf\u03c5","description":"by \u039d\u03b9\u03ba\u03bf\u03bb\u03ad\u03c4\u03c4\u03b1 \u039a\u03b1\u03c1\u03bf\u03bb\u03af\u03b4\u03bf\u03c5","publisher":{"@id":"https:\/\/tothepointe.gr\/fr\/#organization"},"potentialAction":[{"@type":"SearchAction","target":{"@type":"EntryPoint","urlTemplate":"https:\/\/tothepointe.gr\/fr\/?s={search_term_string}"},"query-input":{"@type":"PropertyValueSpecification","valueRequired":true,"valueName":"search_term_string"}}],"inLanguage":"fr-FR"},{"@type":"Organization","@id":"https:\/\/tothepointe.gr\/fr\/#organization","name":"tothepointe.gr - by \u039d\u03b9\u03ba\u03bf\u03bb\u03ad\u03c4\u03c4\u03b1 \u039a\u03b1\u03c1\u03bf\u03bb\u03af\u03b4\u03bf\u03c5","url":"https:\/\/tothepointe.gr\/fr\/","logo":{"@type":"ImageObject","inLanguage":"fr-FR","@id":"https:\/\/tothepointe.gr\/fr\/#\/schema\/logo\/image\/","url":"https:\/\/tothepointe.gr\/wp-content\/uploads\/2024\/08\/tothepointe_logo_1000x1000-01-ew1.jpg","contentUrl":"https:\/\/tothepointe.gr\/wp-content\/uploads\/2024\/08\/tothepointe_logo_1000x1000-01-ew1.jpg","width":142,"height":100,"caption":"tothepointe.gr - by \u039d\u03b9\u03ba\u03bf\u03bb\u03ad\u03c4\u03c4\u03b1 \u039a\u03b1\u03c1\u03bf\u03bb\u03af\u03b4\u03bf\u03c5"},"image":{"@id":"https:\/\/tothepointe.gr\/fr\/#\/schema\/logo\/image\/"},"sameAs":["https:\/\/www.facebook.com\/people\/To-The-Pointe\/61560969661010\/","https:\/\/www.instagram.com\/tothepointedanceschool\/?igsh=MTk2Zzk4ZnhtYXhuYg"]}]}},"_links":{"self":[{"href":"https:\/\/tothepointe.gr\/fr\/wp-json\/wp\/v2\/pages\/3140","targetHints":{"allow":["GET"]}}],"collection":[{"href":"https:\/\/tothepointe.gr\/fr\/wp-json\/wp\/v2\/pages"}],"about":[{"href":"https:\/\/tothepointe.gr\/fr\/wp-json\/wp\/v2\/types\/page"}],"author":[{"embeddable":true,"href":"https:\/\/tothepointe.gr\/fr\/wp-json\/wp\/v2\/users\/1"}],"replies":[{"embeddable":true,"href":"https:\/\/tothepointe.gr\/fr\/wp-json\/wp\/v2\/comments?post=3140"}],"version-history":[{"count":6,"href":"https:\/\/tothepointe.gr\/fr\/wp-json\/wp\/v2\/pages\/3140\/revisions"}],"predecessor-version":[{"id":3315,"href":"https:\/\/tothepointe.gr\/fr\/wp-json\/wp\/v2\/pages\/3140\/revisions\/3315"}],"up":[{"embeddable":true,"href":"https:\/\/tothepointe.gr\/fr\/wp-json\/wp\/v2\/pages\/3143"}],"wp:attachment":[{"href":"https:\/\/tothepointe.gr\/fr\/wp-json\/wp\/v2\/media?parent=3140"}],"curies":[{"name":"wp","href":"https:\/\/api.w.org\/{rel}","templated":true}]}}