{"id":3144,"date":"2024-08-07T21:27:57","date_gmt":"2024-08-07T21:27:57","guid":{"rendered":"https:\/\/tothepointe.gr\/danse-contemporaine\/"},"modified":"2025-05-25T20:32:19","modified_gmt":"2025-05-25T20:32:19","slug":"danse-contemporaine","status":"publish","type":"page","link":"https:\/\/tothepointe.gr\/fr\/services\/danse-contemporaine\/","title":{"rendered":"Danse contemporaine"},"content":{"rendered":"<div class=\"wpb-content-wrapper\">[vc_row curly_padding=\u00a0\u00bbcontent-padding-lg\u00a0\u00bb][vc_column][vc_single_image image=\u00a0\u00bb2462&Prime; img_size=\u00a0\u00bblarge\u00a0\u00bb alignment=\u00a0\u00bbcenter\u00a0\u00bb style=\u00a0\u00bbimg-frame-large\u00a0\u00bb css=\u00a0\u00bb\u00a0\u00bb][vc_empty_space][vc_column_text css=\u00a0\u00bb\u00a0\u00bb]Les cours de danse contemporaine suivants auront lieu dans notre \u00e9cole :<\/p>\n<ul>\n<li>Adolescent<\/li>\n<li>Adultes d\u00e9butants<\/li>\n<li>Adulte Avanc\u00e9<\/li>\n<\/ul>\n[\/vc_column_text][vc_separator][vc_column_text css=\u00a0\u00bb\u00a0\u00bb]\n<h3>Danse contemporaine<\/h3>\n<p>La danse contemporaine est apparue comme une forme de \u00ab r\u00e9volution \u00bb contre les principes stricts du ballet.<\/p>\n<p>Aujourd\u2019hui, il est devenu un genre de premier plan dans le monde de la danse. Les danseurs de danse contemporaine utilisent la danse pour exprimer leurs sentiments int\u00e9rieurs, souvent pour se rapprocher de leur moi int\u00e9rieur. <\/p>\n<p>L\u2019histoire de la danse contemporaine a commenc\u00e9 \u00e0 la fin des ann\u00e9es 1920 en Am\u00e9rique en tant que r\u00e9action. La danse contemporaine ou moderne rejette les r\u00e8gles impos\u00e9es par le ballet \u00e0 l\u2019ex\u00e9cution technique des pas, la consid\u00e9rant comme contraire \u00e0 la nature humaine. <\/p>\n<p>Nous abordons la danse contemporaine comme un moyen d\u2019expression et de libert\u00e9 et nous nous basons sur les mouvements naturels du corps, avec un accent particulier sur la contraction musculaire et la relaxation.<\/p>\n<p>Les danseurs contemporains rejettent les limites impos\u00e9es par le ballet classique et privil\u00e9gient plut\u00f4t les mouvements qui d\u00e9coulent de leurs \u00e9motions int\u00e9rieures.<\/p>\n<p>La danse peut exprimer toutes sortes d\u2019\u00e9motions.<\/p>\n<p>La danse contemporaine, cependant, est bas\u00e9e sur la technique et suit une structure sp\u00e9cifique.<\/p>\n<p>Dans notre \u00e9cole, nous abordons les 2 syst\u00e8mes de base de la danse contemporaine, Limon &amp; Release.<\/p>\n<p>&nbsp;<\/p>\n<h3>Moderne d\u00e9butant (moderne d\u00e8s le d\u00e9but)<\/h3>\n<p>Cette danse renforce le corps et augmente la souplesse. Certains de ses principes de base sont la contraction, l\u2019alignement, la respiration, la gravit\u00e9, la chute, le rel\u00e2chement, l \u00ab \u00e9quilibre et le d\u00e9s\u00e9quilibre, la tension et la relaxation, le contraste et l \u00bb \u00e9motion. <\/p>\n<p>Dans ce cours, nous commen\u00e7ons \u00e0 apprendre la technique \u00e0 travers le mouvement physique et encourageons l\u2019improvisation et la lib\u00e9ration de chaque danseur d\u00e9butant.<\/p>\n<p>&nbsp;<\/p>\n<h3>Contemporain.<\/h3>\n<p>La danse est une manifestation de l\u2019expression et il n\u2019y a pas d\u2019\u00e9motion qui ne puisse \u00eatre exprim\u00e9e par la danse. Il peut exprimer la joie, le bonheur, la tristesse, la col\u00e8re, la passion, la d\u00e9ception et tous les aspects de la vie humaine. <\/p>\n<p>Notre objectif est que les \u00e9l\u00e8ves apprennent \u00e0 conna\u00eetre les principes et les techniques de base de la danse contemporaine, mais aussi qu\u2019ils prennent conscience et d\u00e9veloppent leur imagination et leur expressivit\u00e9 \u00e0 travers le m\u00eame design. Nous nous concentrons sur l\u2019amour de leur corps et sur l\u2019apprentissage du mouvement de leur \u00e2me. <\/p>\n<p>&nbsp;<\/p>\n<h3>Moderne avanc\u00e9 (Release Plus)<\/h3>\n<p>De nos jours, la danse contemporaine est devenue une le\u00e7on que de nombreux danseurs ont fait \u00e9voluer leur technique et ont besoin de quelque chose de plus. Dans cette le\u00e7on, nous traitons du flux continu, des passages complexes du sol, des mouvements acrobatiques et d\u2019une plus grande capacit\u00e9 de danse. Le d\u00e9partement s\u2019adresse aux adultes avanc\u00e9s ou aux candidats aux examens d\u2019entr\u00e9e du minist\u00e8re de la Culture.[\/vc_column_text][vc_separator][vc_empty_space][vc_separator][\/vc_column][\/vc_row]\n<\/div>","protected":false},"excerpt":{"rendered":"<p>[vc_row curly_padding=\u00a0\u00bbcontent-padding-lg\u00a0\u00bb][vc_column][vc_single_image image=\u00a0\u00bb2462&Prime; img_size=\u00a0\u00bblarge\u00a0\u00bb alignment=\u00a0\u00bbcenter\u00a0\u00bb style=\u00a0\u00bbimg-frame-large\u00a0\u00bb css=\u00a0\u00bb\u00a0\u00bb][vc_empty_space][vc_column_text css=\u00a0\u00bb\u00a0\u00bb]Les cours de danse contemporaine suivants auront lieu dans notre \u00e9cole : Adolescent Adultes d\u00e9butants Adulte Avanc\u00e9 [\/vc_column_text][vc_separator][vc_column_text css=\u00a0\u00bb\u00a0\u00bb] Danse contemporaine La danse contemporaine est apparue comme une forme de \u00ab r\u00e9volution \u00bb contre les principes stricts du ballet. Aujourd\u2019hui, il est devenu un genre de premier plan dans le monde de la [&hellip;]<\/p>\n","protected":false},"author":1,"featured_media":0,"parent":3143,"menu_order":0,"comment_status":"closed","ping_status":"closed","template":"","meta":{"footnotes":""},"class_list":["post-3144","page","type-page","status-publish","hentry"],"yoast_head":"<!-- This site is optimized with the Yoast SEO plugin v27.4 - https:\/\/yoast.com\/product\/yoast-seo-wordpress\/ -->\n<title>Danse contemporaine - tothepointe.gr<\/title>\n<meta name=\"robots\" content=\"index, follow, max-snippet:-1, max-image-preview:large, max-video-preview:-1\" \/>\n<link rel=\"canonical\" href=\"https:\/\/tothepointe.gr\/fr\/services\/danse-contemporaine\/\" \/>\n<meta property=\"og:locale\" content=\"fr_FR\" \/>\n<meta property=\"og:type\" content=\"article\" \/>\n<meta property=\"og:title\" content=\"Danse contemporaine - tothepointe.gr\" \/>\n<meta property=\"og:description\" content=\"[vc_row curly_padding=\u00a0\u00bbcontent-padding-lg\u00a0\u00bb][vc_column][vc_single_image image=\u00a0\u00bb2462&Prime; img_size=\u00a0\u00bblarge\u00a0\u00bb alignment=\u00a0\u00bbcenter\u00a0\u00bb style=\u00a0\u00bbimg-frame-large\u00a0\u00bb css=\u00a0\u00bb\u00a0\u00bb][vc_empty_space][vc_column_text css=\u00a0\u00bb\u00a0\u00bb]Les cours de danse contemporaine suivants auront lieu dans notre \u00e9cole : Adolescent Adultes d\u00e9butants Adulte Avanc\u00e9 [\/vc_column_text][vc_separator][vc_column_text css=\u00a0\u00bb\u00a0\u00bb] Danse contemporaine La danse contemporaine est apparue comme une forme de \u00ab r\u00e9volution \u00bb contre les principes stricts du ballet. Aujourd\u2019hui, il est devenu un genre de premier plan dans le monde de la [&hellip;]\" \/>\n<meta property=\"og:url\" content=\"https:\/\/tothepointe.gr\/fr\/services\/danse-contemporaine\/\" \/>\n<meta property=\"og:site_name\" content=\"tothepointe.gr\" \/>\n<meta property=\"article:publisher\" content=\"https:\/\/www.facebook.com\/people\/To-The-Pointe\/61560969661010\/\" \/>\n<meta property=\"article:modified_time\" content=\"2025-05-25T20:32:19+00:00\" \/>\n<meta property=\"og:image\" content=\"https:\/\/tothepointe.gr\/wp-content\/uploads\/2024\/08\/ballerina-tutu-dress-with-copy-space.jpg\" \/>\n\t<meta property=\"og:image:width\" content=\"660\" \/>\n\t<meta property=\"og:image:height\" content=\"371\" \/>\n\t<meta property=\"og:image:type\" content=\"image\/jpeg\" \/>\n<meta name=\"twitter:card\" content=\"summary_large_image\" \/>\n<meta name=\"twitter:label1\" content=\"Dur\u00e9e de lecture estim\u00e9e\" \/>\n\t<meta name=\"twitter:data1\" content=\"3 minutes\" \/>\n<script type=\"application\/ld+json\" class=\"yoast-schema-graph\">{\"@context\":\"https:\\\/\\\/schema.org\",\"@graph\":[{\"@type\":\"WebPage\",\"@id\":\"https:\\\/\\\/tothepointe.gr\\\/fr\\\/services\\\/danse-contemporaine\\\/\",\"url\":\"https:\\\/\\\/tothepointe.gr\\\/fr\\\/services\\\/danse-contemporaine\\\/\",\"name\":\"Danse contemporaine - tothepointe.gr\",\"isPartOf\":{\"@id\":\"https:\\\/\\\/tothepointe.gr\\\/fr\\\/#website\"},\"datePublished\":\"2024-08-07T21:27:57+00:00\",\"dateModified\":\"2025-05-25T20:32:19+00:00\",\"breadcrumb\":{\"@id\":\"https:\\\/\\\/tothepointe.gr\\\/fr\\\/services\\\/danse-contemporaine\\\/#breadcrumb\"},\"inLanguage\":\"fr-FR\",\"potentialAction\":[{\"@type\":\"ReadAction\",\"target\":[\"https:\\\/\\\/tothepointe.gr\\\/fr\\\/services\\\/danse-contemporaine\\\/\"]}]},{\"@type\":\"BreadcrumbList\",\"@id\":\"https:\\\/\\\/tothepointe.gr\\\/fr\\\/services\\\/danse-contemporaine\\\/#breadcrumb\",\"itemListElement\":[{\"@type\":\"ListItem\",\"position\":1,\"name\":\"\u0391\u03c1\u03c7\u03b9\u03ba\u03ae\",\"item\":\"https:\\\/\\\/tothepointe.gr\\\/fr\\\/domicile\\\/\"},{\"@type\":\"ListItem\",\"position\":2,\"name\":\"Danse contemporaine\"}]},{\"@type\":\"WebSite\",\"@id\":\"https:\\\/\\\/tothepointe.gr\\\/fr\\\/#website\",\"url\":\"https:\\\/\\\/tothepointe.gr\\\/fr\\\/\",\"name\":\"tothepointe.gr - by \u039d\u03b9\u03ba\u03bf\u03bb\u03ad\u03c4\u03c4\u03b1 \u039a\u03b1\u03c1\u03bf\u03bb\u03af\u03b4\u03bf\u03c5\",\"description\":\"by \u039d\u03b9\u03ba\u03bf\u03bb\u03ad\u03c4\u03c4\u03b1 \u039a\u03b1\u03c1\u03bf\u03bb\u03af\u03b4\u03bf\u03c5\",\"publisher\":{\"@id\":\"https:\\\/\\\/tothepointe.gr\\\/fr\\\/#organization\"},\"potentialAction\":[{\"@type\":\"SearchAction\",\"target\":{\"@type\":\"EntryPoint\",\"urlTemplate\":\"https:\\\/\\\/tothepointe.gr\\\/fr\\\/?s={search_term_string}\"},\"query-input\":{\"@type\":\"PropertyValueSpecification\",\"valueRequired\":true,\"valueName\":\"search_term_string\"}}],\"inLanguage\":\"fr-FR\"},{\"@type\":\"Organization\",\"@id\":\"https:\\\/\\\/tothepointe.gr\\\/fr\\\/#organization\",\"name\":\"tothepointe.gr - by \u039d\u03b9\u03ba\u03bf\u03bb\u03ad\u03c4\u03c4\u03b1 \u039a\u03b1\u03c1\u03bf\u03bb\u03af\u03b4\u03bf\u03c5\",\"url\":\"https:\\\/\\\/tothepointe.gr\\\/fr\\\/\",\"logo\":{\"@type\":\"ImageObject\",\"inLanguage\":\"fr-FR\",\"@id\":\"https:\\\/\\\/tothepointe.gr\\\/fr\\\/#\\\/schema\\\/logo\\\/image\\\/\",\"url\":\"https:\\\/\\\/tothepointe.gr\\\/wp-content\\\/uploads\\\/2024\\\/08\\\/tothepointe_logo_1000x1000-01-ew1.jpg\",\"contentUrl\":\"https:\\\/\\\/tothepointe.gr\\\/wp-content\\\/uploads\\\/2024\\\/08\\\/tothepointe_logo_1000x1000-01-ew1.jpg\",\"width\":142,\"height\":100,\"caption\":\"tothepointe.gr - by \u039d\u03b9\u03ba\u03bf\u03bb\u03ad\u03c4\u03c4\u03b1 \u039a\u03b1\u03c1\u03bf\u03bb\u03af\u03b4\u03bf\u03c5\"},\"image\":{\"@id\":\"https:\\\/\\\/tothepointe.gr\\\/fr\\\/#\\\/schema\\\/logo\\\/image\\\/\"},\"sameAs\":[\"https:\\\/\\\/www.facebook.com\\\/people\\\/To-The-Pointe\\\/61560969661010\\\/\",\"https:\\\/\\\/www.instagram.com\\\/tothepointedanceschool\\\/?igsh=MTk2Zzk4ZnhtYXhuYg\"]}]}<\/script>\n<!-- \/ Yoast SEO plugin. -->","yoast_head_json":{"title":"Danse contemporaine - tothepointe.gr","robots":{"index":"index","follow":"follow","max-snippet":"max-snippet:-1","max-image-preview":"max-image-preview:large","max-video-preview":"max-video-preview:-1"},"canonical":"https:\/\/tothepointe.gr\/fr\/services\/danse-contemporaine\/","og_locale":"fr_FR","og_type":"article","og_title":"Danse contemporaine - tothepointe.gr","og_description":"[vc_row curly_padding=\u00a0\u00bbcontent-padding-lg\u00a0\u00bb][vc_column][vc_single_image image=\u00a0\u00bb2462&Prime; img_size=\u00a0\u00bblarge\u00a0\u00bb alignment=\u00a0\u00bbcenter\u00a0\u00bb style=\u00a0\u00bbimg-frame-large\u00a0\u00bb css=\u00a0\u00bb\u00a0\u00bb][vc_empty_space][vc_column_text css=\u00a0\u00bb\u00a0\u00bb]Les cours de danse contemporaine suivants auront lieu dans notre \u00e9cole : Adolescent Adultes d\u00e9butants Adulte Avanc\u00e9 [\/vc_column_text][vc_separator][vc_column_text css=\u00a0\u00bb\u00a0\u00bb] Danse contemporaine La danse contemporaine est apparue comme une forme de \u00ab r\u00e9volution \u00bb contre les principes stricts du ballet. Aujourd\u2019hui, il est devenu un genre de premier plan dans le monde de la [&hellip;]","og_url":"https:\/\/tothepointe.gr\/fr\/services\/danse-contemporaine\/","og_site_name":"tothepointe.gr","article_publisher":"https:\/\/www.facebook.com\/people\/To-The-Pointe\/61560969661010\/","article_modified_time":"2025-05-25T20:32:19+00:00","og_image":[{"url":"https:\/\/tothepointe.gr\/wp-content\/uploads\/2024\/08\/ballerina-tutu-dress-with-copy-space.jpg","width":660,"height":371,"type":"image\/jpeg"}],"twitter_card":"summary_large_image","twitter_misc":{"Dur\u00e9e de lecture estim\u00e9e":"3 minutes"},"schema":{"@context":"https:\/\/schema.org","@graph":[{"@type":"WebPage","@id":"https:\/\/tothepointe.gr\/fr\/services\/danse-contemporaine\/","url":"https:\/\/tothepointe.gr\/fr\/services\/danse-contemporaine\/","name":"Danse contemporaine - tothepointe.gr","isPartOf":{"@id":"https:\/\/tothepointe.gr\/fr\/#website"},"datePublished":"2024-08-07T21:27:57+00:00","dateModified":"2025-05-25T20:32:19+00:00","breadcrumb":{"@id":"https:\/\/tothepointe.gr\/fr\/services\/danse-contemporaine\/#breadcrumb"},"inLanguage":"fr-FR","potentialAction":[{"@type":"ReadAction","target":["https:\/\/tothepointe.gr\/fr\/services\/danse-contemporaine\/"]}]},{"@type":"BreadcrumbList","@id":"https:\/\/tothepointe.gr\/fr\/services\/danse-contemporaine\/#breadcrumb","itemListElement":[{"@type":"ListItem","position":1,"name":"\u0391\u03c1\u03c7\u03b9\u03ba\u03ae","item":"https:\/\/tothepointe.gr\/fr\/domicile\/"},{"@type":"ListItem","position":2,"name":"Danse contemporaine"}]},{"@type":"WebSite","@id":"https:\/\/tothepointe.gr\/fr\/#website","url":"https:\/\/tothepointe.gr\/fr\/","name":"tothepointe.gr - by \u039d\u03b9\u03ba\u03bf\u03bb\u03ad\u03c4\u03c4\u03b1 \u039a\u03b1\u03c1\u03bf\u03bb\u03af\u03b4\u03bf\u03c5","description":"by \u039d\u03b9\u03ba\u03bf\u03bb\u03ad\u03c4\u03c4\u03b1 \u039a\u03b1\u03c1\u03bf\u03bb\u03af\u03b4\u03bf\u03c5","publisher":{"@id":"https:\/\/tothepointe.gr\/fr\/#organization"},"potentialAction":[{"@type":"SearchAction","target":{"@type":"EntryPoint","urlTemplate":"https:\/\/tothepointe.gr\/fr\/?s={search_term_string}"},"query-input":{"@type":"PropertyValueSpecification","valueRequired":true,"valueName":"search_term_string"}}],"inLanguage":"fr-FR"},{"@type":"Organization","@id":"https:\/\/tothepointe.gr\/fr\/#organization","name":"tothepointe.gr - by \u039d\u03b9\u03ba\u03bf\u03bb\u03ad\u03c4\u03c4\u03b1 \u039a\u03b1\u03c1\u03bf\u03bb\u03af\u03b4\u03bf\u03c5","url":"https:\/\/tothepointe.gr\/fr\/","logo":{"@type":"ImageObject","inLanguage":"fr-FR","@id":"https:\/\/tothepointe.gr\/fr\/#\/schema\/logo\/image\/","url":"https:\/\/tothepointe.gr\/wp-content\/uploads\/2024\/08\/tothepointe_logo_1000x1000-01-ew1.jpg","contentUrl":"https:\/\/tothepointe.gr\/wp-content\/uploads\/2024\/08\/tothepointe_logo_1000x1000-01-ew1.jpg","width":142,"height":100,"caption":"tothepointe.gr - by \u039d\u03b9\u03ba\u03bf\u03bb\u03ad\u03c4\u03c4\u03b1 \u039a\u03b1\u03c1\u03bf\u03bb\u03af\u03b4\u03bf\u03c5"},"image":{"@id":"https:\/\/tothepointe.gr\/fr\/#\/schema\/logo\/image\/"},"sameAs":["https:\/\/www.facebook.com\/people\/To-The-Pointe\/61560969661010\/","https:\/\/www.instagram.com\/tothepointedanceschool\/?igsh=MTk2Zzk4ZnhtYXhuYg"]}]}},"_links":{"self":[{"href":"https:\/\/tothepointe.gr\/fr\/wp-json\/wp\/v2\/pages\/3144","targetHints":{"allow":["GET"]}}],"collection":[{"href":"https:\/\/tothepointe.gr\/fr\/wp-json\/wp\/v2\/pages"}],"about":[{"href":"https:\/\/tothepointe.gr\/fr\/wp-json\/wp\/v2\/types\/page"}],"author":[{"embeddable":true,"href":"https:\/\/tothepointe.gr\/fr\/wp-json\/wp\/v2\/users\/1"}],"replies":[{"embeddable":true,"href":"https:\/\/tothepointe.gr\/fr\/wp-json\/wp\/v2\/comments?post=3144"}],"version-history":[{"count":2,"href":"https:\/\/tothepointe.gr\/fr\/wp-json\/wp\/v2\/pages\/3144\/revisions"}],"predecessor-version":[{"id":3153,"href":"https:\/\/tothepointe.gr\/fr\/wp-json\/wp\/v2\/pages\/3144\/revisions\/3153"}],"up":[{"embeddable":true,"href":"https:\/\/tothepointe.gr\/fr\/wp-json\/wp\/v2\/pages\/3143"}],"wp:attachment":[{"href":"https:\/\/tothepointe.gr\/fr\/wp-json\/wp\/v2\/media?parent=3144"}],"curies":[{"name":"wp","href":"https:\/\/api.w.org\/{rel}","templated":true}]}}