{"id":3189,"date":"2024-12-18T23:08:38","date_gmt":"2024-12-18T23:08:38","guid":{"rendered":"https:\/\/tothepointe.gr\/enseignant\/elita-papanikolaou\/"},"modified":"2025-05-25T20:32:23","modified_gmt":"2025-05-25T20:32:23","slug":"elita-papanikolaou","status":"publish","type":"page","link":"https:\/\/tothepointe.gr\/fr\/enseignant\/elita-papanikolaou\/","title":{"rendered":"Elita Papanikolaou"},"content":{"rendered":"<div class=\"wpb-content-wrapper\">[vc_row curly_bg_repeat=\u00a0\u00bbbg-repeat-x\u00a0\u00bb curly_bg_position=\u00a0\u00bbbg-pos-center-bottom\u00a0\u00bb curly_padding=\u00a0\u00bbcontent-padding-lg\u00a0\u00bb css=\u00a0\u00bb.vc_custom_1723191788977{background-color: #f7f6f6 !important;}\u00a0\u00bb][vc_column width=\u00a0\u00bb5\/12&Prime; offset=\u00a0\u00bbvc_col-sm-offset-1&Prime;][vc_single_image image=\u00a0\u00bb3191&Prime; img_size=\u00a0\u00bbfull\u00a0\u00bb css=\u00a0\u00bb\u00a0\u00bb el_class=\u00a0\u00bbimg-frame-large\u00a0\u00bb][\/vc_column][vc_column width=\u00a0\u00bb1\/3&Prime; offset=\u00a0\u00bbvc_col-sm-offset-1&Prime;][vc_column_text css=\u00a0\u00bb\u00a0\u00bb]\n<h2 class=\"special-title\"><strong>Elita Papanikolaou<\/strong><\/h2>\n<h2 class=\"special-title\"><span data-olk-copy-source=\"MessageBody\">Tapis de Pilates et accessoires<\/span>, Instructeur<\/h2>\n<p>Elita est dipl\u00f4m\u00e9e du D\u00e9partement d\u2019\u00e9ducation physique et des sciences du sport de l\u2019Universit\u00e9 d\u2019Ath\u00e8nes, tandis qu\u2019elle a \u00e9galement suivi le programme de troisi\u00e8me cycle \u00ab&nbsp;Physiologie mol\u00e9culaire et appliqu\u00e9e&nbsp;\u00bb \u00e0 la Facult\u00e9 de m\u00e9decine d\u2019Ath\u00e8nes, se sp\u00e9cialisant dans l\u2019exercice th\u00e9rapeutique.<\/p>\n<p>De plus, il a \u00e9t\u00e9 form\u00e9 par l\u2019organisme priv\u00e9 Studio One en tant que chef d\u2019exercice de groupe, ainsi qu\u2019en tant qu\u2019instructeur de Pilates Mat &amp; Props, tout en d\u00e9tenant la certification officielle Functional Movement Screen (FMS). Elle a particip\u00e9 \u00e0 de nombreux autres s\u00e9minaires et continue d\u2019approfondir ses connaissances sur l\u2019exercice. <\/p>\n<p>Elle a collabor\u00e9 avec plusieurs gymnases en tant qu\u2019instructrice de groupe, tout en travaillant en m\u00eame temps en tant qu\u2019entra\u00eeneur personnel chez les praticiens en bonne sant\u00e9 et les praticiens ayant des probl\u00e8mes m\u00e9taboliques, cardiovasculaires et neurologiques. Elle a \u00e9galement fait du b\u00e9n\u00e9volat dans le programme des jeunes athl\u00e8tes d\u2019Olympiques sp\u00e9ciaux, qui vise \u00e0 d\u00e9velopper les habilet\u00e9s motrices chez les enfants \u00e2g\u00e9s de 2 \u00e0 8 ans ayant une d\u00e9ficience intellectuelle et\/ou l\u2019autisme. <\/p>\n<p>Son but est de vous transmettre son amour pour l\u2019exercice et de vous inspirer \u00e0 en faire un mode de vie, car son effet b\u00e9n\u00e9fique sur le corps humain est irrempla\u00e7able.<\/p>\n<p><span data-olk-copy-source=\"MessageBody\">Elita enseigne le Pilates mat &amp; props dans notre \u00e9cole \u00e0 la fois aux personnes en bonne sant\u00e9 et aux pratiquants ayant des probl\u00e8mes musculo-squelettiques. Il s\u2019occupe \u00e9galement du personnel personnel et du personnel de groupe de l\u2019\u00e9cole. <\/span><\/p>\n[\/vc_column_text][vc_empty_space height=\u00a0\u00bb16px\u00a0\u00bb][\/vc_column][\/vc_row]\n<\/div>","protected":false},"excerpt":{"rendered":"<p>[vc_row curly_bg_repeat=\u00a0\u00bbbg-repeat-x\u00a0\u00bb curly_bg_position=\u00a0\u00bbbg-pos-center-bottom\u00a0\u00bb curly_padding=\u00a0\u00bbcontent-padding-lg\u00a0\u00bb css=\u00a0\u00bb.vc_custom_1723191788977{background-color: #f7f6f6 !important;}\u00a0\u00bb][vc_column width=\u00a0\u00bb5\/12&Prime; offset=\u00a0\u00bbvc_col-sm-offset-1&Prime;][vc_single_image image=\u00a0\u00bb3191&Prime; img_size=\u00a0\u00bbfull\u00a0\u00bb css=\u00a0\u00bb\u00a0\u00bb el_class=\u00a0\u00bbimg-frame-large\u00a0\u00bb][\/vc_column][vc_column width=\u00a0\u00bb1\/3&Prime; offset=\u00a0\u00bbvc_col-sm-offset-1&Prime;][vc_column_text css=\u00a0\u00bb\u00a0\u00bb] Elita Papanikolaou Tapis de Pilates et accessoires, Instructeur Elita est dipl\u00f4m\u00e9e du D\u00e9partement d\u2019\u00e9ducation physique et des sciences du sport de l\u2019Universit\u00e9 d\u2019Ath\u00e8nes, tandis qu\u2019elle a \u00e9galement suivi le programme de troisi\u00e8me cycle \u00ab&nbsp;Physiologie mol\u00e9culaire et appliqu\u00e9e&nbsp;\u00bb \u00e0 la Facult\u00e9 de m\u00e9decine d\u2019Ath\u00e8nes, se [&hellip;]<\/p>\n","protected":false},"author":1,"featured_media":0,"parent":3079,"menu_order":0,"comment_status":"closed","ping_status":"closed","template":"","meta":{"footnotes":""},"class_list":["post-3189","page","type-page","status-publish","hentry"],"yoast_head":"<!-- This site is optimized with the Yoast SEO plugin v27.4 - https:\/\/yoast.com\/product\/yoast-seo-wordpress\/ -->\n<title>Elita Papanikolaou - tothepointe.gr<\/title>\n<meta name=\"robots\" content=\"index, follow, max-snippet:-1, max-image-preview:large, max-video-preview:-1\" \/>\n<link rel=\"canonical\" href=\"https:\/\/tothepointe.gr\/fr\/enseignant\/elita-papanikolaou\/\" \/>\n<meta property=\"og:locale\" content=\"fr_FR\" \/>\n<meta property=\"og:type\" content=\"article\" \/>\n<meta property=\"og:title\" content=\"Elita Papanikolaou - tothepointe.gr\" \/>\n<meta property=\"og:description\" content=\"[vc_row curly_bg_repeat=\u00a0\u00bbbg-repeat-x\u00a0\u00bb curly_bg_position=\u00a0\u00bbbg-pos-center-bottom\u00a0\u00bb curly_padding=\u00a0\u00bbcontent-padding-lg\u00a0\u00bb css=\u00a0\u00bb.vc_custom_1723191788977{background-color: #f7f6f6 !important;}\u00a0\u00bb][vc_column width=\u00a0\u00bb5\/12&Prime; offset=\u00a0\u00bbvc_col-sm-offset-1&Prime;][vc_single_image image=\u00a0\u00bb3191&Prime; img_size=\u00a0\u00bbfull\u00a0\u00bb css=\u00a0\u00bb\u00a0\u00bb el_class=\u00a0\u00bbimg-frame-large\u00a0\u00bb][\/vc_column][vc_column width=\u00a0\u00bb1\/3&Prime; offset=\u00a0\u00bbvc_col-sm-offset-1&Prime;][vc_column_text css=\u00a0\u00bb\u00a0\u00bb] Elita Papanikolaou Tapis de Pilates et accessoires, Instructeur Elita est dipl\u00f4m\u00e9e du D\u00e9partement d\u2019\u00e9ducation physique et des sciences du sport de l\u2019Universit\u00e9 d\u2019Ath\u00e8nes, tandis qu\u2019elle a \u00e9galement suivi le programme de troisi\u00e8me cycle \u00ab&nbsp;Physiologie mol\u00e9culaire et appliqu\u00e9e&nbsp;\u00bb \u00e0 la Facult\u00e9 de m\u00e9decine d\u2019Ath\u00e8nes, se [&hellip;]\" \/>\n<meta property=\"og:url\" content=\"https:\/\/tothepointe.gr\/fr\/enseignant\/elita-papanikolaou\/\" \/>\n<meta property=\"og:site_name\" content=\"tothepointe.gr\" \/>\n<meta property=\"article:publisher\" content=\"https:\/\/www.facebook.com\/people\/To-The-Pointe\/61560969661010\/\" \/>\n<meta property=\"article:modified_time\" content=\"2025-05-25T20:32:23+00:00\" \/>\n<meta property=\"og:image\" content=\"https:\/\/tothepointe.gr\/wp-content\/uploads\/2024\/08\/ballerina-tutu-dress-with-copy-space.jpg\" \/>\n\t<meta property=\"og:image:width\" content=\"660\" \/>\n\t<meta property=\"og:image:height\" content=\"371\" \/>\n\t<meta property=\"og:image:type\" content=\"image\/jpeg\" \/>\n<meta name=\"twitter:card\" content=\"summary_large_image\" \/>\n<meta name=\"twitter:label1\" content=\"Dur\u00e9e de lecture estim\u00e9e\" \/>\n\t<meta name=\"twitter:data1\" content=\"2 minutes\" \/>\n<script type=\"application\/ld+json\" class=\"yoast-schema-graph\">{\"@context\":\"https:\\\/\\\/schema.org\",\"@graph\":[{\"@type\":\"WebPage\",\"@id\":\"https:\\\/\\\/tothepointe.gr\\\/fr\\\/enseignant\\\/elita-papanikolaou\\\/\",\"url\":\"https:\\\/\\\/tothepointe.gr\\\/fr\\\/enseignant\\\/elita-papanikolaou\\\/\",\"name\":\"Elita Papanikolaou - tothepointe.gr\",\"isPartOf\":{\"@id\":\"https:\\\/\\\/tothepointe.gr\\\/fr\\\/#website\"},\"datePublished\":\"2024-12-18T23:08:38+00:00\",\"dateModified\":\"2025-05-25T20:32:23+00:00\",\"breadcrumb\":{\"@id\":\"https:\\\/\\\/tothepointe.gr\\\/fr\\\/enseignant\\\/elita-papanikolaou\\\/#breadcrumb\"},\"inLanguage\":\"fr-FR\",\"potentialAction\":[{\"@type\":\"ReadAction\",\"target\":[\"https:\\\/\\\/tothepointe.gr\\\/fr\\\/enseignant\\\/elita-papanikolaou\\\/\"]}]},{\"@type\":\"BreadcrumbList\",\"@id\":\"https:\\\/\\\/tothepointe.gr\\\/fr\\\/enseignant\\\/elita-papanikolaou\\\/#breadcrumb\",\"itemListElement\":[{\"@type\":\"ListItem\",\"position\":1,\"name\":\"\u0391\u03c1\u03c7\u03b9\u03ba\u03ae\",\"item\":\"https:\\\/\\\/tothepointe.gr\\\/fr\\\/domicile\\\/\"},{\"@type\":\"ListItem\",\"position\":2,\"name\":\"Enseignant\",\"item\":\"https:\\\/\\\/tothepointe.gr\\\/fr\\\/enseignant\\\/\"},{\"@type\":\"ListItem\",\"position\":3,\"name\":\"Elita Papanikolaou\"}]},{\"@type\":\"WebSite\",\"@id\":\"https:\\\/\\\/tothepointe.gr\\\/fr\\\/#website\",\"url\":\"https:\\\/\\\/tothepointe.gr\\\/fr\\\/\",\"name\":\"tothepointe.gr - by \u039d\u03b9\u03ba\u03bf\u03bb\u03ad\u03c4\u03c4\u03b1 \u039a\u03b1\u03c1\u03bf\u03bb\u03af\u03b4\u03bf\u03c5\",\"description\":\"by \u039d\u03b9\u03ba\u03bf\u03bb\u03ad\u03c4\u03c4\u03b1 \u039a\u03b1\u03c1\u03bf\u03bb\u03af\u03b4\u03bf\u03c5\",\"publisher\":{\"@id\":\"https:\\\/\\\/tothepointe.gr\\\/fr\\\/#organization\"},\"potentialAction\":[{\"@type\":\"SearchAction\",\"target\":{\"@type\":\"EntryPoint\",\"urlTemplate\":\"https:\\\/\\\/tothepointe.gr\\\/fr\\\/?s={search_term_string}\"},\"query-input\":{\"@type\":\"PropertyValueSpecification\",\"valueRequired\":true,\"valueName\":\"search_term_string\"}}],\"inLanguage\":\"fr-FR\"},{\"@type\":\"Organization\",\"@id\":\"https:\\\/\\\/tothepointe.gr\\\/fr\\\/#organization\",\"name\":\"tothepointe.gr - by \u039d\u03b9\u03ba\u03bf\u03bb\u03ad\u03c4\u03c4\u03b1 \u039a\u03b1\u03c1\u03bf\u03bb\u03af\u03b4\u03bf\u03c5\",\"url\":\"https:\\\/\\\/tothepointe.gr\\\/fr\\\/\",\"logo\":{\"@type\":\"ImageObject\",\"inLanguage\":\"fr-FR\",\"@id\":\"https:\\\/\\\/tothepointe.gr\\\/fr\\\/#\\\/schema\\\/logo\\\/image\\\/\",\"url\":\"https:\\\/\\\/tothepointe.gr\\\/wp-content\\\/uploads\\\/2024\\\/08\\\/tothepointe_logo_1000x1000-01-ew1.jpg\",\"contentUrl\":\"https:\\\/\\\/tothepointe.gr\\\/wp-content\\\/uploads\\\/2024\\\/08\\\/tothepointe_logo_1000x1000-01-ew1.jpg\",\"width\":142,\"height\":100,\"caption\":\"tothepointe.gr - by \u039d\u03b9\u03ba\u03bf\u03bb\u03ad\u03c4\u03c4\u03b1 \u039a\u03b1\u03c1\u03bf\u03bb\u03af\u03b4\u03bf\u03c5\"},\"image\":{\"@id\":\"https:\\\/\\\/tothepointe.gr\\\/fr\\\/#\\\/schema\\\/logo\\\/image\\\/\"},\"sameAs\":[\"https:\\\/\\\/www.facebook.com\\\/people\\\/To-The-Pointe\\\/61560969661010\\\/\",\"https:\\\/\\\/www.instagram.com\\\/tothepointedanceschool\\\/?igsh=MTk2Zzk4ZnhtYXhuYg\"]}]}<\/script>\n<!-- \/ Yoast SEO plugin. -->","yoast_head_json":{"title":"Elita Papanikolaou - tothepointe.gr","robots":{"index":"index","follow":"follow","max-snippet":"max-snippet:-1","max-image-preview":"max-image-preview:large","max-video-preview":"max-video-preview:-1"},"canonical":"https:\/\/tothepointe.gr\/fr\/enseignant\/elita-papanikolaou\/","og_locale":"fr_FR","og_type":"article","og_title":"Elita Papanikolaou - tothepointe.gr","og_description":"[vc_row curly_bg_repeat=\u00a0\u00bbbg-repeat-x\u00a0\u00bb curly_bg_position=\u00a0\u00bbbg-pos-center-bottom\u00a0\u00bb curly_padding=\u00a0\u00bbcontent-padding-lg\u00a0\u00bb css=\u00a0\u00bb.vc_custom_1723191788977{background-color: #f7f6f6 !important;}\u00a0\u00bb][vc_column width=\u00a0\u00bb5\/12&Prime; offset=\u00a0\u00bbvc_col-sm-offset-1&Prime;][vc_single_image image=\u00a0\u00bb3191&Prime; img_size=\u00a0\u00bbfull\u00a0\u00bb css=\u00a0\u00bb\u00a0\u00bb el_class=\u00a0\u00bbimg-frame-large\u00a0\u00bb][\/vc_column][vc_column width=\u00a0\u00bb1\/3&Prime; offset=\u00a0\u00bbvc_col-sm-offset-1&Prime;][vc_column_text css=\u00a0\u00bb\u00a0\u00bb] Elita Papanikolaou Tapis de Pilates et accessoires, Instructeur Elita est dipl\u00f4m\u00e9e du D\u00e9partement d\u2019\u00e9ducation physique et des sciences du sport de l\u2019Universit\u00e9 d\u2019Ath\u00e8nes, tandis qu\u2019elle a \u00e9galement suivi le programme de troisi\u00e8me cycle \u00ab&nbsp;Physiologie mol\u00e9culaire et appliqu\u00e9e&nbsp;\u00bb \u00e0 la Facult\u00e9 de m\u00e9decine d\u2019Ath\u00e8nes, se [&hellip;]","og_url":"https:\/\/tothepointe.gr\/fr\/enseignant\/elita-papanikolaou\/","og_site_name":"tothepointe.gr","article_publisher":"https:\/\/www.facebook.com\/people\/To-The-Pointe\/61560969661010\/","article_modified_time":"2025-05-25T20:32:23+00:00","og_image":[{"url":"https:\/\/tothepointe.gr\/wp-content\/uploads\/2024\/08\/ballerina-tutu-dress-with-copy-space.jpg","width":660,"height":371,"type":"image\/jpeg"}],"twitter_card":"summary_large_image","twitter_misc":{"Dur\u00e9e de lecture estim\u00e9e":"2 minutes"},"schema":{"@context":"https:\/\/schema.org","@graph":[{"@type":"WebPage","@id":"https:\/\/tothepointe.gr\/fr\/enseignant\/elita-papanikolaou\/","url":"https:\/\/tothepointe.gr\/fr\/enseignant\/elita-papanikolaou\/","name":"Elita Papanikolaou - tothepointe.gr","isPartOf":{"@id":"https:\/\/tothepointe.gr\/fr\/#website"},"datePublished":"2024-12-18T23:08:38+00:00","dateModified":"2025-05-25T20:32:23+00:00","breadcrumb":{"@id":"https:\/\/tothepointe.gr\/fr\/enseignant\/elita-papanikolaou\/#breadcrumb"},"inLanguage":"fr-FR","potentialAction":[{"@type":"ReadAction","target":["https:\/\/tothepointe.gr\/fr\/enseignant\/elita-papanikolaou\/"]}]},{"@type":"BreadcrumbList","@id":"https:\/\/tothepointe.gr\/fr\/enseignant\/elita-papanikolaou\/#breadcrumb","itemListElement":[{"@type":"ListItem","position":1,"name":"\u0391\u03c1\u03c7\u03b9\u03ba\u03ae","item":"https:\/\/tothepointe.gr\/fr\/domicile\/"},{"@type":"ListItem","position":2,"name":"Enseignant","item":"https:\/\/tothepointe.gr\/fr\/enseignant\/"},{"@type":"ListItem","position":3,"name":"Elita Papanikolaou"}]},{"@type":"WebSite","@id":"https:\/\/tothepointe.gr\/fr\/#website","url":"https:\/\/tothepointe.gr\/fr\/","name":"tothepointe.gr - by \u039d\u03b9\u03ba\u03bf\u03bb\u03ad\u03c4\u03c4\u03b1 \u039a\u03b1\u03c1\u03bf\u03bb\u03af\u03b4\u03bf\u03c5","description":"by \u039d\u03b9\u03ba\u03bf\u03bb\u03ad\u03c4\u03c4\u03b1 \u039a\u03b1\u03c1\u03bf\u03bb\u03af\u03b4\u03bf\u03c5","publisher":{"@id":"https:\/\/tothepointe.gr\/fr\/#organization"},"potentialAction":[{"@type":"SearchAction","target":{"@type":"EntryPoint","urlTemplate":"https:\/\/tothepointe.gr\/fr\/?s={search_term_string}"},"query-input":{"@type":"PropertyValueSpecification","valueRequired":true,"valueName":"search_term_string"}}],"inLanguage":"fr-FR"},{"@type":"Organization","@id":"https:\/\/tothepointe.gr\/fr\/#organization","name":"tothepointe.gr - by \u039d\u03b9\u03ba\u03bf\u03bb\u03ad\u03c4\u03c4\u03b1 \u039a\u03b1\u03c1\u03bf\u03bb\u03af\u03b4\u03bf\u03c5","url":"https:\/\/tothepointe.gr\/fr\/","logo":{"@type":"ImageObject","inLanguage":"fr-FR","@id":"https:\/\/tothepointe.gr\/fr\/#\/schema\/logo\/image\/","url":"https:\/\/tothepointe.gr\/wp-content\/uploads\/2024\/08\/tothepointe_logo_1000x1000-01-ew1.jpg","contentUrl":"https:\/\/tothepointe.gr\/wp-content\/uploads\/2024\/08\/tothepointe_logo_1000x1000-01-ew1.jpg","width":142,"height":100,"caption":"tothepointe.gr - by \u039d\u03b9\u03ba\u03bf\u03bb\u03ad\u03c4\u03c4\u03b1 \u039a\u03b1\u03c1\u03bf\u03bb\u03af\u03b4\u03bf\u03c5"},"image":{"@id":"https:\/\/tothepointe.gr\/fr\/#\/schema\/logo\/image\/"},"sameAs":["https:\/\/www.facebook.com\/people\/To-The-Pointe\/61560969661010\/","https:\/\/www.instagram.com\/tothepointedanceschool\/?igsh=MTk2Zzk4ZnhtYXhuYg"]}]}},"_links":{"self":[{"href":"https:\/\/tothepointe.gr\/fr\/wp-json\/wp\/v2\/pages\/3189","targetHints":{"allow":["GET"]}}],"collection":[{"href":"https:\/\/tothepointe.gr\/fr\/wp-json\/wp\/v2\/pages"}],"about":[{"href":"https:\/\/tothepointe.gr\/fr\/wp-json\/wp\/v2\/types\/page"}],"author":[{"embeddable":true,"href":"https:\/\/tothepointe.gr\/fr\/wp-json\/wp\/v2\/users\/1"}],"replies":[{"embeddable":true,"href":"https:\/\/tothepointe.gr\/fr\/wp-json\/wp\/v2\/comments?post=3189"}],"version-history":[{"count":3,"href":"https:\/\/tothepointe.gr\/fr\/wp-json\/wp\/v2\/pages\/3189\/revisions"}],"predecessor-version":[{"id":3199,"href":"https:\/\/tothepointe.gr\/fr\/wp-json\/wp\/v2\/pages\/3189\/revisions\/3199"}],"up":[{"embeddable":true,"href":"https:\/\/tothepointe.gr\/fr\/wp-json\/wp\/v2\/pages\/3079"}],"wp:attachment":[{"href":"https:\/\/tothepointe.gr\/fr\/wp-json\/wp\/v2\/media?parent=3189"}],"curies":[{"name":"wp","href":"https:\/\/api.w.org\/{rel}","templated":true}]}}